{"id":3120,"date":"2023-07-21T14:12:41","date_gmt":"2023-07-21T12:12:41","guid":{"rendered":"https:\/\/www.sejfo.se\/?post_type=product&#038;p=3120"},"modified":"2024-02-11T14:40:03","modified_gmt":"2024-02-11T13:40:03","slug":"laddare-och-varmare-for-hpwf","status":"publish","type":"product","link":"https:\/\/www.sejfo.se\/en\/laddare-och-varmare-for-hpwf\/","title":{"rendered":"Heater and Loader for HPWF"},"content":{"rendered":"","protected":false},"excerpt":{"rendered":"<p><span data-contrast=\"auto\">Quintus Technologies v\u00e4nde sig till oss p\u00e5 Sejfo f\u00f6r att f\u00e5 hj\u00e4lp med att utveckla en maskin som v\u00e4rmer material innan det matas in i deras Flexform\u2122 High Pressure pressmaskin.<\/span><span data-ccp-props=\"{&quot;201341983&quot;:0,&quot;335559739&quot;:160,&quot;335559740&quot;:259}\">\u00a0<\/span><\/p>\n<p><span data-contrast=\"auto\">Quintus Technologies is a leading player in titanium forming. Their <\/span><a href=\"https:\/\/quintustechnologies.com\/products\/sheet-metal-forming\/flexform-high-pressure-warm-forming\/\"><span data-contrast=\"none\">Flexform\u2122 High Pressure Warm Forming process<\/span><\/a><span data-contrast=\"auto\"> is a groundbreaking technology that can replace or complement existing titanium forming methods, such as warm forming, hot pressing, superplastic forming (SPF), and hot gas forming. The HPWF process operates at a relatively low temperature (below 270\u00b0C) and high pressure (up to 1,400 bar). This unique combination makes the process cost-effective for alloys like titanium and magnesium. To succeed in this process, Quintus Technologies needed to develop a high-performance preheating machine.<\/span><span data-ccp-props=\"{&quot;201341983&quot;:0,&quot;335559739&quot;:160,&quot;335559740&quot;:259}\">\u00a0<\/span><\/p>\n<p><span data-contrast=\"auto\">F\u00f6rv\u00e4rmningsmaskinen \u00e4r avg\u00f6rande f\u00f6r Flexform\u2122-processen eftersom den s\u00e4kerst\u00e4ller att materialet uppn\u00e5r den exakta temperaturen som kr\u00e4vs f\u00f6r att m\u00f6jligg\u00f6ra den optimala deformationen. Quintus Technologies v\u00e4nde sig till oss p\u00e5 SEJFO f\u00f6r att f\u00e5 hj\u00e4lp med en anpassad maskinutveckling f\u00f6r att skapa en innovativ l\u00f6sning. Tillsammans utvecklade vi en f\u00f6rv\u00e4rmningsmaskin som \u00e4r anpassad till Flexform\u2122-processen.<\/span><\/p>","protected":false},"featured_media":3126,"comment_status":"open","ping_status":"closed","template":"","meta":{"_acf_changed":false,"_kad_blocks_custom_css":"","_kad_blocks_head_custom_js":"","_kad_blocks_body_custom_js":"","_kad_blocks_footer_custom_js":"","_kad_post_transparent":"default","_kad_post_title":"","_kad_post_layout":"default","_kad_post_sidebar_id":"","_kad_post_content_style":"default","_kad_post_vertical_padding":"default","_kad_post_feature":"","_kad_post_feature_position":"","_kad_post_header":false,"_kad_post_footer":false,"_kad_post_classname":""},"product_brand":[],"product_cat":[124,162],"product_tag":[],"class_list":{"0":"post-3120","1":"product","2":"type-product","3":"status-publish","4":"has-post-thumbnail","6":"product_cat-maskinbyggare","7":"product_cat-verkstadsindustri","9":"first","10":"instock","11":"featured","12":"shipping-taxable","13":"product-type-simple","14":"entry","15":"content-bg","16":"loop-entry"},"acf":[],"taxonomy_info":{"product_cat":[{"value":124,"label":"MASKINBYGGARE"},{"value":162,"label":"VERKSTADSINDUSTRI"}]},"featured_image_src_large":["https:\/\/www.sejfo.se\/wp-content\/uploads\/2023\/07\/A21023-maskin.jpg",600,400,false],"author_info":[],"comment_info":0,"_links":{"self":[{"href":"https:\/\/www.sejfo.se\/en\/wp-json\/wp\/v2\/product\/3120","targetHints":{"allow":["GET"]}}],"collection":[{"href":"https:\/\/www.sejfo.se\/en\/wp-json\/wp\/v2\/product"}],"about":[{"href":"https:\/\/www.sejfo.se\/en\/wp-json\/wp\/v2\/types\/product"}],"replies":[{"embeddable":true,"href":"https:\/\/www.sejfo.se\/en\/wp-json\/wp\/v2\/comments?post=3120"}],"wp:featuredmedia":[{"embeddable":true,"href":"https:\/\/www.sejfo.se\/en\/wp-json\/wp\/v2\/media\/3126"}],"wp:attachment":[{"href":"https:\/\/www.sejfo.se\/en\/wp-json\/wp\/v2\/media?parent=3120"}],"wp:term":[{"taxonomy":"product_brand","embeddable":true,"href":"https:\/\/www.sejfo.se\/en\/wp-json\/wp\/v2\/product_brand?post=3120"},{"taxonomy":"product_cat","embeddable":true,"href":"https:\/\/www.sejfo.se\/en\/wp-json\/wp\/v2\/product_cat?post=3120"},{"taxonomy":"product_tag","embeddable":true,"href":"https:\/\/www.sejfo.se\/en\/wp-json\/wp\/v2\/product_tag?post=3120"}],"curies":[{"name":"wp","href":"https:\/\/api.w.org\/{rel}","templated":true}]}}