{"id":3108,"date":"2023-07-21T14:05:01","date_gmt":"2023-07-21T12:05:01","guid":{"rendered":"https:\/\/www.sejfo.se\/?post_type=product&#038;p=3108"},"modified":"2024-02-11T14:40:17","modified_gmt":"2024-02-11T13:40:17","slug":"laddare-av-fotomasker","status":"publish","type":"product","link":"https:\/\/www.sejfo.se\/en\/laddare-av-fotomasker\/","title":{"rendered":"Photo Mask Loader"},"content":{"rendered":"","protected":false},"excerpt":{"rendered":"<p><span data-contrast=\"auto\">Kunden stod inf\u00f6r en betydande utmaning, n\u00e4mligen att utveckla och tillverka en helt ny generation av automatiska laddare f\u00f6r sina maskritarmaskiner. H\u00e4r \u00e4r de centrala aspekterna som kr\u00e4vdes f\u00f6r projektets framg\u00e5ng:<\/span><span data-ccp-props=\"{&quot;201341983&quot;:0,&quot;335559739&quot;:160,&quot;335559740&quot;:259}\">\u00a0<\/span><\/p>\n<p><span data-contrast=\"auto\"><strong>ROHS\/REACH-compliant components:<\/strong> To adhere to environmental standards and minimize the use of harmful substances, a strict selection process of components and materials that were only ROHS\/REACH compliant was necessary.<\/span><span data-ccp-props=\"{&quot;201341983&quot;:0,&quot;335559739&quot;:160,&quot;335559740&quot;:259}\">\u00a0<\/span><\/p>\n<p><span data-contrast=\"auto\"><strong>Material declaration for all parts:<\/strong> A complete and detailed material declaration for each individual component and part of the machine was necessary for traceability and to ensure that the materials met the requirements for material selection and safety.<\/span><span data-ccp-props=\"{&quot;201341983&quot;:0,&quot;335559739&quot;:160,&quot;335559740&quot;:259}\">\u00a0<\/span><\/p>\n<p><span data-contrast=\"auto\"><strong>Cleanroom classification:<\/strong> Since the machines were to be used in the electronics industry, a cleanroom-classified design was required.<\/span><span data-ccp-props=\"{&quot;201341983&quot;:0,&quot;335559739&quot;:160,&quot;335559740&quot;:259}\">\u00a0<\/span><\/p>\n<p><span data-contrast=\"auto\"><strong>Earthquake-proof construction:<\/strong> Considering potential natural disasters, it was necessary to design the machines robustly and securely to minimize damage and prevent loss of machine functionality.<\/span><span data-ccp-props=\"{&quot;201341983&quot;:0,&quot;335559739&quot;:160,&quot;335559740&quot;:259}\">\u00a0<\/span><\/p>","protected":false},"featured_media":3110,"comment_status":"open","ping_status":"closed","template":"","meta":{"_acf_changed":false,"_kad_blocks_custom_css":"","_kad_blocks_head_custom_js":"","_kad_blocks_body_custom_js":"","_kad_blocks_footer_custom_js":"","_kad_post_transparent":"default","_kad_post_title":"","_kad_post_layout":"default","_kad_post_sidebar_id":"","_kad_post_content_style":"default","_kad_post_vertical_padding":"default","_kad_post_feature":"","_kad_post_feature_position":"","_kad_post_header":false,"_kad_post_footer":false,"_kad_post_classname":""},"product_brand":[],"product_cat":[160,124],"product_tag":[],"class_list":{"0":"post-3108","1":"product","2":"type-product","3":"status-publish","4":"has-post-thumbnail","6":"product_cat-elektronik","7":"product_cat-maskinbyggare","9":"first","10":"instock","11":"featured","12":"shipping-taxable","13":"product-type-simple","14":"entry","15":"content-bg","16":"loop-entry"},"acf":[],"taxonomy_info":{"product_cat":[{"value":160,"label":"ELEKTRONIK"},{"value":124,"label":"MASKINBYGGARE"}]},"featured_image_src_large":["https:\/\/www.sejfo.se\/wp-content\/uploads\/2023\/07\/A18081-Fotomask-laddare.png",551,410,false],"author_info":[],"comment_info":0,"_links":{"self":[{"href":"https:\/\/www.sejfo.se\/en\/wp-json\/wp\/v2\/product\/3108","targetHints":{"allow":["GET"]}}],"collection":[{"href":"https:\/\/www.sejfo.se\/en\/wp-json\/wp\/v2\/product"}],"about":[{"href":"https:\/\/www.sejfo.se\/en\/wp-json\/wp\/v2\/types\/product"}],"replies":[{"embeddable":true,"href":"https:\/\/www.sejfo.se\/en\/wp-json\/wp\/v2\/comments?post=3108"}],"wp:featuredmedia":[{"embeddable":true,"href":"https:\/\/www.sejfo.se\/en\/wp-json\/wp\/v2\/media\/3110"}],"wp:attachment":[{"href":"https:\/\/www.sejfo.se\/en\/wp-json\/wp\/v2\/media?parent=3108"}],"wp:term":[{"taxonomy":"product_brand","embeddable":true,"href":"https:\/\/www.sejfo.se\/en\/wp-json\/wp\/v2\/product_brand?post=3108"},{"taxonomy":"product_cat","embeddable":true,"href":"https:\/\/www.sejfo.se\/en\/wp-json\/wp\/v2\/product_cat?post=3108"},{"taxonomy":"product_tag","embeddable":true,"href":"https:\/\/www.sejfo.se\/en\/wp-json\/wp\/v2\/product_tag?post=3108"}],"curies":[{"name":"wp","href":"https:\/\/api.w.org\/{rel}","templated":true}]}}