{"id":9655,"date":"2026-02-10T14:15:37","date_gmt":"2026-02-10T13:15:37","guid":{"rendered":"https:\/\/www.sejfo.se\/?page_id=9655"},"modified":"2026-02-10T14:31:38","modified_gmt":"2026-02-10T13:31:38","slug":"forpackning","status":"publish","type":"page","link":"https:\/\/www.sejfo.se\/en\/fabriksautomation\/forpackning\/","title":{"rendered":"F\u00f6rpackning"},"content":{"rendered":"<style>.kadence-column9655_a0e0bf-f7 > .kt-inside-inner-col{padding-top:2%;padding-bottom:4%;}.kadence-column9655_a0e0bf-f7 > .kt-inside-inner-col,.kadence-column9655_a0e0bf-f7 > .kt-inside-inner-col:before{border-top-left-radius:0px;border-top-right-radius:0px;border-bottom-right-radius:0px;border-bottom-left-radius:0px;}.kadence-column9655_a0e0bf-f7 > .kt-inside-inner-col{column-gap:0px;}.kadence-column9655_a0e0bf-f7 > .kt-inside-inner-col{flex-direction:column;}.kadence-column9655_a0e0bf-f7 > .kt-inside-inner-col > .aligncenter{width:100%;}.kadence-column9655_a0e0bf-f7 > .kt-inside-inner-col{background-image:url('https:\/\/www.sejfo.se\/wp-content\/uploads\/2024\/03\/Sejfo-hantering-via-automationslosningar-A19013-bana.jpg');background-size:cover;background-position:50% 50%;background-attachment:scroll;background-repeat:no-repeat;}.kadence-column9655_a0e0bf-f7 > .kt-inside-inner-col:before{opacity:0.77;background-color:#000000;}.kadence-column9655_a0e0bf-f7{text-align:left;}.kadence-column9655_a0e0bf-f7{position:relative;}.kadence-column9655_a0e0bf-f7, .kt-inside-inner-col > .kadence-column9655_a0e0bf-f7:not(.specificity){margin-top:0px;}@media all and (max-width: 1024px){.kadence-column9655_a0e0bf-f7 > .kt-inside-inner-col{padding-top:var(--global-kb-spacing-lg, 3rem);padding-bottom:var(--global-kb-spacing-xxl, 5rem);flex-direction:column;justify-content:center;}}@media all and (max-width: 767px){.kadence-column9655_a0e0bf-f7 > .kt-inside-inner-col{padding-top:10%;padding-right:3%;padding-bottom:8%;padding-left:3%;flex-direction:column;justify-content:center;}.kadence-column9655_a0e0bf-f7, .kt-inside-inner-col > .kadence-column9655_a0e0bf-f7:not(.specificity){margin-top:0px;margin-right:0px;margin-bottom:0px;margin-left:0px;}}<\/style>\n<div class=\"wp-block-kadence-column kadence-column9655_a0e0bf-f7 kb-section-has-overlay alignfull kb-section-dir-vertical\"><div class=\"kt-inside-inner-col\"><style>.kb-row-layout-id9655_786ae4-b2 > .kt-row-column-wrap{align-content:start;}:where(.kb-row-layout-id9655_786ae4-b2 > .kt-row-column-wrap) > .wp-block-kadence-column{justify-content:start;}.kb-row-layout-id9655_786ae4-b2 > .kt-row-column-wrap{column-gap:var(--global-kb-gap-md, 2rem);row-gap:var(--global-kb-gap-md, 2rem);max-width:var( --global-content-width, 1170px );padding-left:var(--global-content-edge-padding);padding-right:var(--global-content-edge-padding);padding-top:0px;padding-bottom:var(--global-kb-spacing-sm, 1.5rem);grid-template-columns:repeat(2, minmax(0, 1fr));}.kb-row-layout-id9655_786ae4-b2 > .kt-row-layout-overlay{opacity:0.30;}@media all and (max-width: 1024px){.kb-row-layout-id9655_786ae4-b2 > .kt-row-column-wrap{grid-template-columns:repeat(2, minmax(0, 1fr));}}@media all and (max-width: 767px){.kb-row-layout-wrap.wp-block-kadence-rowlayout.kb-row-layout-id9655_786ae4-b2{margin-top:0px;margin-bottom:0px;}.kb-row-layout-id9655_786ae4-b2 > .kt-row-column-wrap{padding-top:0px;padding-right:0px;padding-bottom:0px;padding-left:0px;grid-template-columns:minmax(0, 1fr);}}<\/style><div class=\"kb-row-layout-wrap kb-row-layout-id9655_786ae4-b2 alignnone wp-block-kadence-rowlayout\"><div class=\"kt-row-column-wrap kt-has-2-columns kt-row-layout-equal kt-tab-layout-inherit kt-mobile-layout-row kt-row-valign-top kb-theme-content-width\">\n<style>.kadence-column9655_36c8c8-1f > .kt-inside-inner-col,.kadence-column9655_36c8c8-1f > .kt-inside-inner-col:before{border-top-left-radius:0px;border-top-right-radius:0px;border-bottom-right-radius:0px;border-bottom-left-radius:0px;}.kadence-column9655_36c8c8-1f > .kt-inside-inner-col{column-gap:var(--global-kb-gap-sm, 1rem);}.kadence-column9655_36c8c8-1f > .kt-inside-inner-col{flex-direction:column;}.kadence-column9655_36c8c8-1f > .kt-inside-inner-col > .aligncenter{width:100%;}.kadence-column9655_36c8c8-1f > .kt-inside-inner-col:before{opacity:0.3;}.kadence-column9655_36c8c8-1f{position:relative;}@media all and (max-width: 1024px){.kadence-column9655_36c8c8-1f > .kt-inside-inner-col{flex-direction:column;justify-content:center;}}@media all and (max-width: 767px){.kadence-column9655_36c8c8-1f > .kt-inside-inner-col{flex-direction:column;justify-content:center;}}<\/style>\n<div class=\"wp-block-kadence-column kadence-column9655_36c8c8-1f\"><div class=\"kt-inside-inner-col\"><style>.wp-block-kadence-advancedheading.kt-adv-heading9655_23e88d-0a, .wp-block-kadence-advancedheading.kt-adv-heading9655_23e88d-0a[data-kb-block=\"kb-adv-heading9655_23e88d-0a\"]{max-width:620px;padding-top:0%;padding-right:0%;padding-bottom:2%;padding-left:0%;margin-top:0%;margin-right:0%;margin-bottom:0%;margin-left:0%;font-size:65px;line-height:1;font-style:normal;text-transform:none;color:#fefefe;}.wp-block-kadence-advancedheading.kt-adv-heading9655_23e88d-0a mark.kt-highlight, .wp-block-kadence-advancedheading.kt-adv-heading9655_23e88d-0a[data-kb-block=\"kb-adv-heading9655_23e88d-0a\"] mark.kt-highlight{font-style:normal;color:#f76a0c;-webkit-box-decoration-break:clone;box-decoration-break:clone;padding-top:0px;padding-right:0px;padding-bottom:0px;padding-left:0px;}.wp-block-kadence-advancedheading.kt-adv-heading9655_23e88d-0a img.kb-inline-image, .wp-block-kadence-advancedheading.kt-adv-heading9655_23e88d-0a[data-kb-block=\"kb-adv-heading9655_23e88d-0a\"] img.kb-inline-image{width:150px;vertical-align:baseline;}@media all and (max-width: 1024px){.wp-block-kadence-advancedheading.kt-adv-heading9655_23e88d-0a, .wp-block-kadence-advancedheading.kt-adv-heading9655_23e88d-0a[data-kb-block=\"kb-adv-heading9655_23e88d-0a\"]{font-size:45px;}}<\/style>\n<h1 class=\"kt-adv-heading9655_23e88d-0a wp-block-kadence-advancedheading\" data-kb-block=\"kb-adv-heading9655_23e88d-0a\"><strong>F\u00f6rpackning<\/strong><\/h1>\n\n\n<style>.wp-block-kadence-spacer.kt-block-spacer-9655_5bc040-a9 .kt-block-spacer{height:6px;}.wp-block-kadence-spacer.kt-block-spacer-9655_5bc040-a9 .kt-divider{border-top-width:5px;height:1px;border-top-color:var(--global-palette1, #3182CE);width:100%;border-top-style:solid;}@media all and (max-width: 1024px){.wp-block-kadence-spacer.kt-block-spacer-9655_5bc040-a9 .kt-divider{width:240%!important;}}<\/style>\n<div class=\"wp-block-kadence-spacer aligncenter kt-block-spacer-9655_5bc040-a9\"><div class=\"kt-block-spacer kt-block-spacer-halign-left\"><hr class=\"kt-divider\"\/><\/div><\/div>\n\n\n<style>.wp-block-kadence-advancedheading.kt-adv-heading9655_0cc9bb-de, .wp-block-kadence-advancedheading.kt-adv-heading9655_0cc9bb-de[data-kb-block=\"kb-adv-heading9655_0cc9bb-de\"]{padding-top:20px;padding-right:0px;padding-bottom:10px;padding-left:0px;margin-top:0px;margin-right:0px;margin-bottom:0px;margin-left:0px;font-style:normal;}.wp-block-kadence-advancedheading.kt-adv-heading9655_0cc9bb-de mark.kt-highlight, .wp-block-kadence-advancedheading.kt-adv-heading9655_0cc9bb-de[data-kb-block=\"kb-adv-heading9655_0cc9bb-de\"] mark.kt-highlight{font-style:normal;color:#f76a0c;-webkit-box-decoration-break:clone;box-decoration-break:clone;padding-top:0px;padding-right:0px;padding-bottom:0px;padding-left:0px;}.wp-block-kadence-advancedheading.kt-adv-heading9655_0cc9bb-de img.kb-inline-image, .wp-block-kadence-advancedheading.kt-adv-heading9655_0cc9bb-de[data-kb-block=\"kb-adv-heading9655_0cc9bb-de\"] img.kb-inline-image{width:150px;vertical-align:baseline;}@media all and (max-width: 767px){.wp-block-kadence-advancedheading.kt-adv-heading9655_0cc9bb-de, .wp-block-kadence-advancedheading.kt-adv-heading9655_0cc9bb-de[data-kb-block=\"kb-adv-heading9655_0cc9bb-de\"]{padding-top:20px;padding-right:0px;padding-bottom:10px;padding-left:0px;margin-top:0px;margin-right:0px;margin-bottom:0px;margin-left:0px;}}<\/style>\n<h2 class=\"kt-adv-heading9655_0cc9bb-de wp-block-kadence-advancedheading has-theme-palette-8-color has-text-color\" data-kb-block=\"kb-adv-heading9655_0cc9bb-de\">Automatisk f\u00f6rpackningsutrustning<\/h2>\n\n\n<style>.wp-block-kadence-advancedheading.kt-adv-heading9655_fd1a5a-15, .wp-block-kadence-advancedheading.kt-adv-heading9655_fd1a5a-15[data-kb-block=\"kb-adv-heading9655_fd1a5a-15\"]{padding-top:2%;padding-right:20%;padding-bottom:2%;padding-left:0%;margin-top:0%;margin-right:0%;margin-bottom:0%;margin-left:0%;line-height:1.2;font-style:normal;font-family:Verdana, Geneva, sans-serif;text-transform:none;}.wp-block-kadence-advancedheading.kt-adv-heading9655_fd1a5a-15 mark.kt-highlight, .wp-block-kadence-advancedheading.kt-adv-heading9655_fd1a5a-15[data-kb-block=\"kb-adv-heading9655_fd1a5a-15\"] mark.kt-highlight{font-style:normal;color:#f76a0c;-webkit-box-decoration-break:clone;box-decoration-break:clone;padding-top:0px;padding-right:0px;padding-bottom:0px;padding-left:0px;}.wp-block-kadence-advancedheading.kt-adv-heading9655_fd1a5a-15 img.kb-inline-image, .wp-block-kadence-advancedheading.kt-adv-heading9655_fd1a5a-15[data-kb-block=\"kb-adv-heading9655_fd1a5a-15\"] img.kb-inline-image{width:150px;vertical-align:baseline;}@media all and (max-width: 767px){.wp-block-kadence-advancedheading.kt-adv-heading9655_fd1a5a-15, .wp-block-kadence-advancedheading.kt-adv-heading9655_fd1a5a-15[data-kb-block=\"kb-adv-heading9655_fd1a5a-15\"]{padding-top:0%;padding-right:0%;padding-bottom:0%;padding-left:0%;margin-top:0%;margin-right:0%;margin-bottom:0%;margin-left:0%;}}<\/style>\n<p class=\"kt-adv-heading9655_fd1a5a-15 wp-block-kadence-advancedheading has-theme-palette-9-color has-text-color\" data-kb-block=\"kb-adv-heading9655_fd1a5a-15\">Sejfo bygger l\u00f6sningar f\u00f6r hantering av f\u00f6rpackningar. <br>Uppackning eller nedpackning, vi l\u00f6ser det.<br><\/p>\n<\/div><\/div>\n\n\n<style>.kadence-column9655_1d403d-10 > .kt-inside-inner-col{padding-top:70px;}.kadence-column9655_1d403d-10 > .kt-inside-inner-col,.kadence-column9655_1d403d-10 > .kt-inside-inner-col:before{border-top-left-radius:0px;border-top-right-radius:0px;border-bottom-right-radius:0px;border-bottom-left-radius:0px;}.kadence-column9655_1d403d-10 > .kt-inside-inner-col{column-gap:var(--global-kb-gap-sm, 1rem);}.kadence-column9655_1d403d-10 > .kt-inside-inner-col{flex-direction:column;}.kadence-column9655_1d403d-10 > .kt-inside-inner-col > .aligncenter{width:100%;}.kadence-column9655_1d403d-10 > .kt-inside-inner-col:before{opacity:0.3;}.kadence-column9655_1d403d-10{position:relative;}@media all and (max-width: 1024px){.kadence-column9655_1d403d-10 > .kt-inside-inner-col{flex-direction:column;justify-content:center;}}@media all and (max-width: 767px){.kadence-column9655_1d403d-10 > .kt-inside-inner-col{flex-direction:column;justify-content:center;}}<\/style>\n<div class=\"wp-block-kadence-column kadence-column9655_1d403d-10\"><div class=\"kt-inside-inner-col\"><\/div><\/div>\n\n<\/div><\/div><\/div><\/div>\n","protected":false},"excerpt":{"rendered":"<p>F\u00f6rpackning Automatisk f\u00f6rpackningsutrustning Sejfo bygger l\u00f6sningar f\u00f6r hantering av f\u00f6rpackningar. Uppackning eller nedpackning, vi l\u00f6ser det.<\/p>","protected":false},"author":13,"featured_media":9653,"parent":3309,"menu_order":0,"comment_status":"closed","ping_status":"closed","template":"","meta":{"_acf_changed":false,"_kad_blocks_custom_css":"","_kad_blocks_head_custom_js":"","_kad_blocks_body_custom_js":"","_kad_blocks_footer_custom_js":"","_kad_post_transparent":"","_kad_post_title":"","_kad_post_layout":"fullwidth","_kad_post_sidebar_id":"","_kad_post_content_style":"","_kad_post_vertical_padding":"","_kad_post_feature":"","_kad_post_feature_position":"","_kad_post_header":false,"_kad_post_footer":false,"_kad_post_classname":"","footnotes":""},"class_list":["post-9655","page","type-page","status-publish","has-post-thumbnail","hentry"],"acf":[],"taxonomy_info":[],"featured_image_src_large":["https:\/\/www.sejfo.se\/wp-content\/uploads\/2026\/02\/two-cardboard-boxes-one-closed-and-one-open-on-a-white-background-for-packaging-concepts.-8066709-1024x683.jpg",1024,683,true],"author_info":{"display_name":"Andreas Wetter","author_link":"https:\/\/www.sejfo.se\/en\/author\/andreas-wetter\/"},"comment_info":0,"_links":{"self":[{"href":"https:\/\/www.sejfo.se\/en\/wp-json\/wp\/v2\/pages\/9655","targetHints":{"allow":["GET"]}}],"collection":[{"href":"https:\/\/www.sejfo.se\/en\/wp-json\/wp\/v2\/pages"}],"about":[{"href":"https:\/\/www.sejfo.se\/en\/wp-json\/wp\/v2\/types\/page"}],"author":[{"embeddable":true,"href":"https:\/\/www.sejfo.se\/en\/wp-json\/wp\/v2\/users\/13"}],"replies":[{"embeddable":true,"href":"https:\/\/www.sejfo.se\/en\/wp-json\/wp\/v2\/comments?post=9655"}],"version-history":[{"count":3,"href":"https:\/\/www.sejfo.se\/en\/wp-json\/wp\/v2\/pages\/9655\/revisions"}],"predecessor-version":[{"id":9660,"href":"https:\/\/www.sejfo.se\/en\/wp-json\/wp\/v2\/pages\/9655\/revisions\/9660"}],"up":[{"embeddable":true,"href":"https:\/\/www.sejfo.se\/en\/wp-json\/wp\/v2\/pages\/3309"}],"wp:featuredmedia":[{"embeddable":true,"href":"https:\/\/www.sejfo.se\/en\/wp-json\/wp\/v2\/media\/9653"}],"wp:attachment":[{"href":"https:\/\/www.sejfo.se\/en\/wp-json\/wp\/v2\/media?parent=9655"}],"curies":[{"name":"wp","href":"https:\/\/api.w.org\/{rel}","templated":true}]}}