{"id":9627,"date":"2026-02-04T09:15:02","date_gmt":"2026-02-04T08:15:02","guid":{"rendered":"https:\/\/www.sejfo.se\/?page_id=9627"},"modified":"2026-02-04T09:16:07","modified_gmt":"2026-02-04T08:16:07","slug":"artiklar","status":"publish","type":"page","link":"https:\/\/www.sejfo.se\/en\/artiklar\/","title":{"rendered":"Artiklar"},"content":{"rendered":"<style>.kadence-column9627_5f981f-0c > .kt-inside-inner-col,.kadence-column9627_5f981f-0c > .kt-inside-inner-col:before{border-top-left-radius:0px;border-top-right-radius:0px;border-bottom-right-radius:0px;border-bottom-left-radius:0px;}.kadence-column9627_5f981f-0c > .kt-inside-inner-col{column-gap:var(--global-kb-gap-sm, 1rem);}.kadence-column9627_5f981f-0c > .kt-inside-inner-col{flex-direction:column;}.kadence-column9627_5f981f-0c > .kt-inside-inner-col > .aligncenter{width:100%;}.kadence-column9627_5f981f-0c > .kt-inside-inner-col{background-image:url('https:\/\/www.sejfo.se\/wp-content\/uploads\/2026\/02\/close-up-of-stacked-newspapers-on-a-table-representing-media-and-journalism.-5505690-scaled.jpg');background-size:cover;background-position:center center;background-attachment:scroll;background-repeat:no-repeat;}.kadence-column9627_5f981f-0c > .kt-inside-inner-col:before{opacity:0.3;}.kadence-column9627_5f981f-0c{position:relative;}@media all and (max-width: 1024px){.kadence-column9627_5f981f-0c > .kt-inside-inner-col{flex-direction:column;justify-content:center;}}@media all and (max-width: 767px){.kadence-column9627_5f981f-0c > .kt-inside-inner-col{flex-direction:column;justify-content:center;}}<\/style>\n<div class=\"wp-block-kadence-column kadence-column9627_5f981f-0c\"><div class=\"kt-inside-inner-col\"><style>.kadence-column9627_4a68a5-49{max-width:1125px;margin-left:auto;margin-right:auto;}.wp-block-kadence-column.kb-section-dir-horizontal:not(.kb-section-md-dir-vertical)>.kt-inside-inner-col>.kadence-column9627_4a68a5-49{-webkit-flex:0 1 1125px;flex:0 1 1125px;max-width:unset;margin-left:unset;margin-right:unset;}.kadence-column9627_4a68a5-49 > .kt-inside-inner-col,.kadence-column9627_4a68a5-49 > .kt-inside-inner-col:before{border-top-left-radius:0px;border-top-right-radius:0px;border-bottom-right-radius:0px;border-bottom-left-radius:0px;}.kadence-column9627_4a68a5-49 > .kt-inside-inner-col{column-gap:var(--global-kb-gap-sm, 1rem);}.kadence-column9627_4a68a5-49 > .kt-inside-inner-col{flex-direction:column;}.kadence-column9627_4a68a5-49 > .kt-inside-inner-col > .aligncenter{width:100%;}.kadence-column9627_4a68a5-49 > .kt-inside-inner-col:before{opacity:0.3;}.kadence-column9627_4a68a5-49{position:relative;}@media all and (min-width: 1025px){.wp-block-kadence-column.kb-section-dir-horizontal>.kt-inside-inner-col>.kadence-column9627_4a68a5-49{-webkit-flex:0 1 1125px;flex:0 1 1125px;max-width:unset;margin-left:unset;margin-right:unset;}}@media all and (max-width: 1024px){.kadence-column9627_4a68a5-49 > .kt-inside-inner-col{flex-direction:column;justify-content:center;}}@media all and (max-width: 767px){.wp-block-kadence-column.kb-section-sm-dir-vertical:not(.kb-section-sm-dir-horizontal):not(.kb-section-sm-dir-specificity)>.kt-inside-inner-col>.kadence-column9627_4a68a5-49{max-width:1125px;-webkit-flex:1;flex:1;margin-left:auto;margin-right:auto;}.kadence-column9627_4a68a5-49 > .kt-inside-inner-col{flex-direction:column;justify-content:center;}}<\/style>\n<div class=\"wp-block-kadence-column kadence-column9627_4a68a5-49\"><div class=\"kt-inside-inner-col\"><style>.kadence-column9627_dce87b-be > .kt-inside-inner-col,.kadence-column9627_dce87b-be > .kt-inside-inner-col:before{border-top-left-radius:0px;border-top-right-radius:0px;border-bottom-right-radius:0px;border-bottom-left-radius:0px;}.kadence-column9627_dce87b-be > .kt-inside-inner-col{column-gap:var(--global-kb-gap-sm, 1rem);}.kadence-column9627_dce87b-be > .kt-inside-inner-col{flex-direction:column;}.kadence-column9627_dce87b-be > .kt-inside-inner-col > .aligncenter{width:100%;}.kadence-column9627_dce87b-be > .kt-inside-inner-col:before{opacity:0.3;}.kadence-column9627_dce87b-be{position:relative;}.kadence-column9627_dce87b-be, .kt-inside-inner-col > .kadence-column9627_dce87b-be:not(.specificity){margin-bottom:var(--global-kb-spacing-sm, 1.5rem);}@media all and (max-width: 1024px){.kadence-column9627_dce87b-be > .kt-inside-inner-col{flex-direction:column;justify-content:center;}}@media all and (max-width: 767px){.kadence-column9627_dce87b-be > .kt-inside-inner-col{flex-direction:column;justify-content:center;}}<\/style>\n<div class=\"wp-block-kadence-column kadence-column9627_dce87b-be\"><div class=\"kt-inside-inner-col\"><style>.wp-block-kadence-advancedheading.kt-adv-heading9627_5484b9-31, .wp-block-kadence-advancedheading.kt-adv-heading9627_5484b9-31[data-kb-block=\"kb-adv-heading9627_5484b9-31\"]{font-style:normal;}.wp-block-kadence-advancedheading.kt-adv-heading9627_5484b9-31 mark.kt-highlight, .wp-block-kadence-advancedheading.kt-adv-heading9627_5484b9-31[data-kb-block=\"kb-adv-heading9627_5484b9-31\"] mark.kt-highlight{font-style:normal;color:#f76a0c;-webkit-box-decoration-break:clone;box-decoration-break:clone;padding-top:0px;padding-right:0px;padding-bottom:0px;padding-left:0px;}.wp-block-kadence-advancedheading.kt-adv-heading9627_5484b9-31 img.kb-inline-image, .wp-block-kadence-advancedheading.kt-adv-heading9627_5484b9-31[data-kb-block=\"kb-adv-heading9627_5484b9-31\"] img.kb-inline-image{width:150px;vertical-align:baseline;}<\/style>\n<h1 class=\"kt-adv-heading9627_5484b9-31 wp-block-kadence-advancedheading\" data-kb-block=\"kb-adv-heading9627_5484b9-31\">Artiklar<\/h1>\n\n\n<style>.wp-block-kadence-spacer.kt-block-spacer-9627_9a051d-9e .kt-block-spacer{height:6px;}.wp-block-kadence-spacer.kt-block-spacer-9627_9a051d-9e .kt-divider{border-top-width:6px;border-top-color:var(--global-palette1, #3182CE);width:100%;border-top-style:solid;}<\/style>\n<div class=\"wp-block-kadence-spacer aligncenter kt-block-spacer-9627_9a051d-9e\"><div class=\"kt-block-spacer kt-block-spacer-halign-center\"><hr class=\"kt-divider\"\/><\/div><\/div>\n<\/div><\/div>\n\n\n<style>.kt-post-loop9627_1e60a2-47 .kadence-post-image{padding-top:0px;padding-right:0px;padding-bottom:0px;padding-left:0px;}.kt-post-loop9627_1e60a2-47 .kt-blocks-post-grid-item{height:100%;}.kt-post-loop9627_1e60a2-47 .kt-blocks-post-grid-item-inner-wrap{height:100%;display:flex;flex-direction:column;}.kt-post-loop9627_1e60a2-47 .kt-blocks-post-grid-item-inner-wrap .kt-blocks-post-grid-item-inner{flex-grow:1;display:flex;flex-direction:column;}.kt-post-loop9627_1e60a2-47 .kt-blocks-post-grid-item .entry-content{flex-grow:1;display:flex;flex-direction:column;}.kt-post-loop9627_1e60a2-47 .kt-blocks-post-readmore-wrap{margin-top:auto;}.kt-post-loop9627_1e60a2-47 .kt-post-grid-wrap{gap:30px 30px;}.kt-post-loop9627_1e60a2-47 .kt-blocks-post-grid-item{border-top-left-radius:21px;border-top-right-radius:21px;border-bottom-right-radius:21px;border-bottom-left-radius:21px;border-top:0px solid var(--global-palette9, #ffffff);border-right:0px solid var(--global-palette9, #ffffff);border-bottom:0px solid var(--global-palette9, #ffffff);border-left:0px solid var(--global-palette9, #ffffff);background-color:var(--global-palette1, #3182CE);overflow:hidden;}.kt-post-loop9627_1e60a2-47 .kt-blocks-post-grid-item .kt-blocks-post-grid-item-inner{padding-top:15px;padding-right:25px;padding-bottom:25px;padding-left:25px;}.kt-post-loop9627_1e60a2-47 .kt-blocks-post-grid-item .kt-blocks-post-grid-item-inner{text-align:left;}.kt-post-loop9627_1e60a2-47 .kt-blocks-post-grid-item header{padding-top:0px;padding-right:0px;padding-bottom:10px;padding-left:0px;margin-top:0px;margin-right:0px;margin-bottom:0px;margin-left:0px;}.kt-post-loop9627_1e60a2-47 .kt-blocks-post-grid-item .entry-title{color:var(--global-palette9, #ffffff);padding-top:10px;padding-right:0px;padding-bottom:5px;padding-left:0px;margin-top:0px;margin-right:0px;margin-bottom:0px;margin-left:0px;font-size:24px;line-height:30px;}.kt-post-loop9627_1e60a2-47 .kt-blocks-post-grid-item .kt-blocks-post-top-meta{color:#777777;}.kt-post-loop9627_1e60a2-47 .kt-blocks-post-grid-item .kt-blocks-post-top-meta a{color:#777777;}.kt-post-loop9627_1e60a2-47 .kt-blocks-post-grid-item .kt-blocks-post-top-meta a:hover{color:#444444;}.kt-post-loop9627_1e60a2-47 .entry-content{color:#ffffff;padding-top:0px;padding-right:0px;padding-bottom:0px;padding-left:0px;margin-top:0px;margin-right:0px;margin-bottom:0px;margin-left:0px;}.kt-post-loop9627_1e60a2-47 .kt-blocks-post-footer{color:#777777;border-top-width:0px;border-right-width:0px;border-bottom-width:0px;border-left-width:0px;padding-top:0px;padding-right:0px;padding-bottom:0px;padding-left:0px;margin-top:0px;margin-right:0px;margin-bottom:0px;margin-left:0px;font-size:12px;line-height:20px;}.kt-post-loop9627_1e60a2-47 .entry-content:after{height:0px;}.kt-post-loop9627_1e60a2-47 .kt-blocks-post-footer a{color:#777777;}.kt-post-loop9627_1e60a2-47 .kt-blocks-post-footer a:hover{color:#444444;}.kt-post-loop9627_1e60a2-47 .entry-content .kt-blocks-post-readmore{background-color:var(--global-palette9, #ffffff);border-color:#444444;color:var(--global-palette3, #1A202C);border-radius:50px;padding-top:4px;padding-right:8px;padding-bottom:4px;padding-left:8px;margin-top:12px;margin-right:0px;margin-bottom:0px;margin-left:0px;}.kt-post-loop9627_1e60a2-47 .entry-content .kt-blocks-post-readmore:hover{color:#ffffff;border-color:#555555;background-color:#555555;}.kt-post-loop9627_1e60a2-47 .kb-filter-item{border-top-width:0px;border-right-width:0px;border-bottom-width:2px;border-left-width:0px;padding-top:5px;padding-right:8px;padding-bottom:5px;padding-left:8px;margin-top:0px;margin-right:10px;margin-bottom:0px;margin-left:0px;}@media all and (max-width: 1024px){.kt-post-loop9627_1e60a2-47 .kt-blocks-post-grid-item{border-top:0px solid var(--global-palette9, #ffffff);border-right:0px solid var(--global-palette9, #ffffff);border-bottom:0px solid var(--global-palette9, #ffffff);border-left:0px solid var(--global-palette9, #ffffff);}}@media all and (max-width: 767px){.kt-post-loop9627_1e60a2-47 .kt-blocks-post-grid-item{border-top:0px solid var(--global-palette9, #ffffff);border-right:0px solid var(--global-palette9, #ffffff);border-bottom:0px solid var(--global-palette9, #ffffff);border-left:0px solid var(--global-palette9, #ffffff);}}<\/style><div class=\"wp-block-kadence-postgrid kt-blocks-post-loop-block alignnone kt-post-loop9627_1e60a2-47 kt-post-grid-layout-grid \"><div class=\"kt-post-grid-layout-grid-wrap kt-post-grid-wrap\" data-columns-xxl=\"2\" data-columns-xl=\"2\" data-columns-md=\"2\" data-columns-sm=\"2\" data-columns-xs=\"1\" data-columns-ss=\"1\"data-item-selector=\".kt-post-masonry-item\" aria-label=\"Post Carousel\"><article class=\"kt-blocks-post-grid-item post-9107 post type-post status-publish format-standard has-post-thumbnail hentry category-artikel\"><div class=\"kt-blocks-post-grid-item-inner-wrap kt-feat-image-align-top kt-feat-image-mobile-align-top\"><div class=\"kadence-post-image\"><div class=\"kadence-post-image-intrisic kt-image-ratio-66-67\" style=\"padding-bottom:66.67%;\"><div class=\"kadence-post-image-inner-intrisic\"><a aria-hidden=\"true\" tabindex=\"-1\" role=\"presentation\" href=\"https:\/\/www.sejfo.se\/en\/varldsledande-automationslosningar-och-specialmaskiner-fran-koping\/\" aria-label=\"V\u00e4rldsledande automationsl\u00f6sningar och specialmaskiner fr\u00e5n K\u00f6ping\" class=\"kadence-post-image-inner-wrap\"><img loading=\"lazy\" decoding=\"async\" width=\"1024\" height=\"560\" src=\"https:\/\/www.sejfo.se\/wp-content\/uploads\/2025\/02\/1054734-1024x560.jpg\" class=\"attachment-large size-large wp-post-image\" alt=\"\" srcset=\"https:\/\/www.sejfo.se\/wp-content\/uploads\/2025\/02\/1054734-1024x560.jpg 1024w, https:\/\/www.sejfo.se\/wp-content\/uploads\/2025\/02\/1054734-300x164.jpg 300w, https:\/\/www.sejfo.se\/wp-content\/uploads\/2025\/02\/1054734-768x420.jpg 768w, https:\/\/www.sejfo.se\/wp-content\/uploads\/2025\/02\/1054734-1536x839.jpg 1536w, https:\/\/www.sejfo.se\/wp-content\/uploads\/2025\/02\/1054734-18x10.jpg 18w, https:\/\/www.sejfo.se\/wp-content\/uploads\/2025\/02\/1054734-500x273.jpg 500w, https:\/\/www.sejfo.se\/wp-content\/uploads\/2025\/02\/1054734.jpg 1570w\" sizes=\"auto, (max-width: 1024px) 100vw, 1024px\" \/><\/a><\/div><\/div><\/div><div class=\"kt-blocks-post-grid-item-inner\"><header><h2 class=\"entry-title\"><a href=\"https:\/\/www.sejfo.se\/en\/varldsledande-automationslosningar-och-specialmaskiner-fran-koping\/\">V\u00e4rldsledande automationsl\u00f6sningar och specialmaskiner fr\u00e5n K\u00f6ping<\/a><\/h2><div class=\"kt-blocks-post-top-meta\"><\/div><\/header><div class=\"entry-content\">Artikel om Sejfo i tidningen enterprisemagazine. V\u00e4rldsledande automationsl\u00f6sningar och specialmaskiner fr\u00e5n K\u00f6ping Bara fantasin s\u00e4tter gr\u00e4nser!&#8230;<div class=\"kt-blocks-post-readmore-wrap\"><a class=\"kt-blocks-post-readmore\" href=\"https:\/\/www.sejfo.se\/en\/varldsledande-automationslosningar-och-specialmaskiner-fran-koping\/\">L\u00e4s mer<span class=\"screen-reader-text\"> V\u00e4rldsledande automationsl\u00f6sningar och specialmaskiner fr\u00e5n K\u00f6ping<\/span><\/a><\/div><\/div><footer class=\"kt-blocks-post-footer\"><div class=\"kt-blocks-post-footer-left\"><\/div><div class=\"kt-blocks-post-footer-right\"><\/div><\/footer><\/div><\/div><\/article><article class=\"kt-blocks-post-grid-item post-8471 post type-post status-publish format-standard has-post-thumbnail hentry category-artikel\"><div class=\"kt-blocks-post-grid-item-inner-wrap kt-feat-image-align-top kt-feat-image-mobile-align-top\"><div class=\"kadence-post-image\"><div class=\"kadence-post-image-intrisic kt-image-ratio-66-67\" style=\"padding-bottom:66.67%;\"><div class=\"kadence-post-image-inner-intrisic\"><a aria-hidden=\"true\" tabindex=\"-1\" role=\"presentation\" href=\"https:\/\/www.sejfo.se\/en\/automation-inomframtidens-industri\/\" aria-label=\"AUTOMATION INOM FRAMTIDENS INDUSTRI\" class=\"kadence-post-image-inner-wrap\"><img loading=\"lazy\" decoding=\"async\" width=\"500\" height=\"469\" src=\"https:\/\/www.sejfo.se\/wp-content\/uploads\/2024\/03\/Sejfo-Fabriksautomation-Hantering-med-robot.jpg\" class=\"attachment-large size-large wp-post-image\" alt=\"Sejfo-Fabriksautomation-Hantering med robot\" srcset=\"https:\/\/www.sejfo.se\/wp-content\/uploads\/2024\/03\/Sejfo-Fabriksautomation-Hantering-med-robot.jpg 500w, https:\/\/www.sejfo.se\/wp-content\/uploads\/2024\/03\/Sejfo-Fabriksautomation-Hantering-med-robot-300x281.jpg 300w, https:\/\/www.sejfo.se\/wp-content\/uploads\/2024\/03\/Sejfo-Fabriksautomation-Hantering-med-robot-13x12.jpg 13w\" sizes=\"auto, (max-width: 500px) 100vw, 500px\" \/><\/a><\/div><\/div><\/div><div class=\"kt-blocks-post-grid-item-inner\"><header><h2 class=\"entry-title\"><a href=\"https:\/\/www.sejfo.se\/en\/automation-inomframtidens-industri\/\">AUTOMATION INOM FRAMTIDENS INDUSTRI<\/a><\/h2><div class=\"kt-blocks-post-top-meta\"><\/div><\/header><div class=\"entry-content\">Ta del av en djupdykning i teknikens evolution och aff\u00e4rsm\u00f6jligheter. I takt med snabba teknologiska utvecklingar&#8230;<div class=\"kt-blocks-post-readmore-wrap\"><a class=\"kt-blocks-post-readmore\" href=\"https:\/\/www.sejfo.se\/en\/automation-inomframtidens-industri\/\">L\u00e4s mer<span class=\"screen-reader-text\"> AUTOMATION INOM FRAMTIDENS INDUSTRI<\/span><\/a><\/div><\/div><footer class=\"kt-blocks-post-footer\"><div class=\"kt-blocks-post-footer-left\"><\/div><div class=\"kt-blocks-post-footer-right\"><\/div><\/footer><\/div><\/div><\/article><article class=\"kt-blocks-post-grid-item post-8488 post type-post status-publish format-standard has-post-thumbnail hentry category-artikel\"><div class=\"kt-blocks-post-grid-item-inner-wrap kt-feat-image-align-top kt-feat-image-mobile-align-top\"><div class=\"kadence-post-image\"><div class=\"kadence-post-image-intrisic kt-image-ratio-66-67\" style=\"padding-bottom:66.67%;\"><div class=\"kadence-post-image-inner-intrisic\"><a aria-hidden=\"true\" tabindex=\"-1\" role=\"presentation\" href=\"https:\/\/www.sejfo.se\/en\/automation-inomframtidens-industri-2\/\" aria-label=\"Handbok Lean automations-utveckling\" class=\"kadence-post-image-inner-wrap\"><img loading=\"lazy\" decoding=\"async\" width=\"773\" height=\"885\" src=\"https:\/\/www.sejfo.se\/wp-content\/uploads\/2024\/03\/leanhandbook.png\" class=\"attachment-large size-large wp-post-image\" alt=\"\" srcset=\"https:\/\/www.sejfo.se\/wp-content\/uploads\/2024\/03\/leanhandbook.png 773w, https:\/\/www.sejfo.se\/wp-content\/uploads\/2024\/03\/leanhandbook-262x300.png 262w, https:\/\/www.sejfo.se\/wp-content\/uploads\/2024\/03\/leanhandbook-768x879.png 768w, https:\/\/www.sejfo.se\/wp-content\/uploads\/2024\/03\/leanhandbook-10x12.png 10w, https:\/\/www.sejfo.se\/wp-content\/uploads\/2024\/03\/leanhandbook-500x572.png 500w\" sizes=\"auto, (max-width: 773px) 100vw, 773px\" \/><\/a><\/div><\/div><\/div><div class=\"kt-blocks-post-grid-item-inner\"><header><h2 class=\"entry-title\"><a href=\"https:\/\/www.sejfo.se\/en\/automation-inomframtidens-industri-2\/\">Handbok Lean automations-utveckling<\/a><\/h2><div class=\"kt-blocks-post-top-meta\"><\/div><\/header><div class=\"entry-content\">Trender mot mer automatiserad produktion och allt snabbare f\u00f6r\u00e4ndringstakt av produktionssystem st\u00e4ller krav p\u00e5 snabba, effektiva&#8230;<div class=\"kt-blocks-post-readmore-wrap\"><a class=\"kt-blocks-post-readmore\" href=\"https:\/\/www.sejfo.se\/en\/automation-inomframtidens-industri-2\/\">L\u00e4s mer<span class=\"screen-reader-text\"> Handbok Lean automations-utveckling<\/span><\/a><\/div><\/div><footer class=\"kt-blocks-post-footer\"><div class=\"kt-blocks-post-footer-left\"><\/div><div class=\"kt-blocks-post-footer-right\"><\/div><\/footer><\/div><\/div><\/article><\/div><\/div><!-- .wp-block-kadence-postgrid -->\n\n<style>.wp-block-kadence-spacer.kt-block-spacer-9627_48a08d-87 .kt-block-spacer{height:109px;}.wp-block-kadence-spacer.kt-block-spacer-9627_48a08d-87 .kt-divider{border-top-width:1px;height:1px;border-top-color:#eee;width:80%;border-top-style:solid;}<\/style>\n<div class=\"wp-block-kadence-spacer aligncenter kt-block-spacer-9627_48a08d-87\"><div class=\"kt-block-spacer kt-block-spacer-halign-center\"><\/div><\/div>\n<\/div><\/div>\n<\/div><\/div>\n","protected":false},"excerpt":{"rendered":"<p>Artiklar<\/p>","protected":false},"author":13,"featured_media":0,"parent":0,"menu_order":0,"comment_status":"closed","ping_status":"closed","template":"","meta":{"_acf_changed":false,"_kad_blocks_custom_css":"","_kad_blocks_head_custom_js":"","_kad_blocks_body_custom_js":"","_kad_blocks_footer_custom_js":"","_kad_post_transparent":"","_kad_post_title":"","_kad_post_layout":"fullwidth","_kad_post_sidebar_id":"","_kad_post_content_style":"","_kad_post_vertical_padding":"","_kad_post_feature":"","_kad_post_feature_position":"","_kad_post_header":false,"_kad_post_footer":false,"_kad_post_classname":"","footnotes":""},"class_list":["post-9627","page","type-page","status-publish","hentry"],"acf":[],"taxonomy_info":[],"featured_image_src_large":false,"author_info":{"display_name":"Andreas Wetter","author_link":"https:\/\/www.sejfo.se\/en\/author\/andreas-wetter\/"},"comment_info":0,"_links":{"self":[{"href":"https:\/\/www.sejfo.se\/en\/wp-json\/wp\/v2\/pages\/9627","targetHints":{"allow":["GET"]}}],"collection":[{"href":"https:\/\/www.sejfo.se\/en\/wp-json\/wp\/v2\/pages"}],"about":[{"href":"https:\/\/www.sejfo.se\/en\/wp-json\/wp\/v2\/types\/page"}],"author":[{"embeddable":true,"href":"https:\/\/www.sejfo.se\/en\/wp-json\/wp\/v2\/users\/13"}],"replies":[{"embeddable":true,"href":"https:\/\/www.sejfo.se\/en\/wp-json\/wp\/v2\/comments?post=9627"}],"version-history":[{"count":2,"href":"https:\/\/www.sejfo.se\/en\/wp-json\/wp\/v2\/pages\/9627\/revisions"}],"predecessor-version":[{"id":9630,"href":"https:\/\/www.sejfo.se\/en\/wp-json\/wp\/v2\/pages\/9627\/revisions\/9630"}],"wp:attachment":[{"href":"https:\/\/www.sejfo.se\/en\/wp-json\/wp\/v2\/media?parent=9627"}],"curies":[{"name":"wp","href":"https:\/\/api.w.org\/{rel}","templated":true}]}}