{"id":2020,"date":"2023-05-26T11:18:21","date_gmt":"2023-05-26T09:18:21","guid":{"rendered":"https:\/\/www.sejfo.se\/?page_id=2020"},"modified":"2024-03-20T15:13:48","modified_gmt":"2024-03-20T14:13:48","slug":"verkstadsindustri","status":"publish","type":"page","link":"https:\/\/www.sejfo.se\/en\/branscher\/verkstadsindustri\/","title":{"rendered":"Manufacturing Industry"},"content":{"rendered":"<style>.kadence-column2020_f127ed-d2 > .kt-inside-inner-col{padding-top:2%;padding-bottom:10%;}.kadence-column2020_f127ed-d2 > .kt-inside-inner-col,.kadence-column2020_f127ed-d2 > .kt-inside-inner-col:before{border-top-left-radius:0px;border-top-right-radius:0px;border-bottom-right-radius:0px;border-bottom-left-radius:0px;}.kadence-column2020_f127ed-d2 > .kt-inside-inner-col{column-gap:0px;}.kadence-column2020_f127ed-d2 > .kt-inside-inner-col{flex-direction:column;}.kadence-column2020_f127ed-d2 > .kt-inside-inner-col > .aligncenter{width:100%;}.kadence-column2020_f127ed-d2 > .kt-inside-inner-col{background-image:url('https:\/\/www.sejfo.se\/wp-content\/uploads\/2024\/01\/sejfo-verkstadsindustri.jpg');background-size:cover;background-position:50% 50%;background-attachment:scroll;background-repeat:no-repeat;}.kadence-column2020_f127ed-d2 > .kt-inside-inner-col:before{opacity:0.66;background-color:#000000;}.kadence-column2020_f127ed-d2{text-align:left;}.kadence-column2020_f127ed-d2{position:relative;}.kadence-column2020_f127ed-d2, .kt-inside-inner-col > .kadence-column2020_f127ed-d2:not(.specificity){margin-right:0px;margin-left:0px;}@media all and (max-width: 1024px){.kadence-column2020_f127ed-d2 > .kt-inside-inner-col{padding-top:var(--global-kb-spacing-lg, 3rem);padding-bottom:var(--global-kb-spacing-xxl, 5rem);flex-direction:column;justify-content:center;}}@media all and (max-width: 767px){.kadence-column2020_f127ed-d2 > .kt-inside-inner-col{padding-top:5%;padding-right:3%;padding-bottom:10%;padding-left:3%;flex-direction:column;justify-content:center;}.kadence-column2020_f127ed-d2, .kt-inside-inner-col > .kadence-column2020_f127ed-d2:not(.specificity){margin-top:0px;margin-right:0px;margin-bottom:0px;margin-left:0px;}}<\/style>\n<div class=\"wp-block-kadence-column kadence-column2020_f127ed-d2 kb-section-has-overlay alignfull kb-section-dir-vertical\"><div class=\"kt-inside-inner-col\"><style>.kb-row-layout-id2020_7ce96e-00 > .kt-row-column-wrap{align-content:start;}:where(.kb-row-layout-id2020_7ce96e-00 > .kt-row-column-wrap) > .wp-block-kadence-column{justify-content:start;}.kb-row-layout-id2020_7ce96e-00 > .kt-row-column-wrap{column-gap:var(--global-kb-gap-md, 2rem);row-gap:var(--global-kb-gap-md, 2rem);max-width:var( --global-content-width, 1170px );padding-left:var(--global-content-edge-padding);padding-right:var(--global-content-edge-padding);padding-top:0px;padding-bottom:var(--global-kb-spacing-sm, 1.5rem);grid-template-columns:minmax(0, calc(55% - ((var(--global-kb-gap-md, 2rem) * 1 )\/2)))minmax(0, calc(45% - ((var(--global-kb-gap-md, 2rem) * 1 )\/2)));}.kb-row-layout-id2020_7ce96e-00 > .kt-row-layout-overlay{opacity:0.30;}@media all and (max-width: 1024px){.kb-row-layout-id2020_7ce96e-00 > .kt-row-column-wrap{grid-template-columns:repeat(2, minmax(0, 1fr));}}@media all and (max-width: 767px){.kb-row-layout-wrap.wp-block-kadence-rowlayout.kb-row-layout-id2020_7ce96e-00{margin-top:0px;margin-bottom:0px;}.kb-row-layout-id2020_7ce96e-00 > .kt-row-column-wrap{padding-top:0px;padding-right:0px;padding-bottom:0px;padding-left:0px;grid-template-columns:minmax(0, 1fr);}}<\/style><div class=\"kb-row-layout-wrap kb-row-layout-id2020_7ce96e-00 alignnone wp-block-kadence-rowlayout\"><div class=\"kt-row-column-wrap kt-has-2-columns kt-row-layout-equal kt-tab-layout-inherit kt-mobile-layout-row kt-row-valign-top kb-theme-content-width\">\n<style>.kadence-column2020_36f617-38 > .kt-inside-inner-col,.kadence-column2020_36f617-38 > .kt-inside-inner-col:before{border-top-left-radius:0px;border-top-right-radius:0px;border-bottom-right-radius:0px;border-bottom-left-radius:0px;}.kadence-column2020_36f617-38 > .kt-inside-inner-col{column-gap:var(--global-kb-gap-sm, 1rem);}.kadence-column2020_36f617-38 > .kt-inside-inner-col{flex-direction:column;}.kadence-column2020_36f617-38 > .kt-inside-inner-col > .aligncenter{width:100%;}.kadence-column2020_36f617-38 > .kt-inside-inner-col:before{opacity:0.3;}.kadence-column2020_36f617-38{position:relative;}@media all and (max-width: 1024px){.kadence-column2020_36f617-38 > .kt-inside-inner-col{flex-direction:column;justify-content:center;}}@media all and (max-width: 767px){.kadence-column2020_36f617-38 > .kt-inside-inner-col{flex-direction:column;justify-content:center;}}<\/style>\n<div class=\"wp-block-kadence-column kadence-column2020_36f617-38\"><div class=\"kt-inside-inner-col\"><style>.wp-block-kadence-advancedheading.kt-adv-heading2020_03178e-67, .wp-block-kadence-advancedheading.kt-adv-heading2020_03178e-67[data-kb-block=\"kb-adv-heading2020_03178e-67\"]{max-width:620px;padding-top:0%;padding-right:0%;padding-bottom:0%;padding-left:0%;margin-top:0%;margin-right:0%;margin-bottom:0%;margin-left:0%;font-style:normal;text-transform:none;color:#fefefe;}.wp-block-kadence-advancedheading.kt-adv-heading2020_03178e-67 mark.kt-highlight, .wp-block-kadence-advancedheading.kt-adv-heading2020_03178e-67[data-kb-block=\"kb-adv-heading2020_03178e-67\"] mark.kt-highlight{font-style:normal;color:#f76a0c;-webkit-box-decoration-break:clone;box-decoration-break:clone;padding-top:0px;padding-right:0px;padding-bottom:0px;padding-left:0px;}.wp-block-kadence-advancedheading.kt-adv-heading2020_03178e-67 img.kb-inline-image, .wp-block-kadence-advancedheading.kt-adv-heading2020_03178e-67[data-kb-block=\"kb-adv-heading2020_03178e-67\"] img.kb-inline-image{width:150px;vertical-align:baseline;}<\/style>\n<h1 class=\"kt-adv-heading2020_03178e-67 wp-block-kadence-advancedheading\" data-kb-block=\"kb-adv-heading2020_03178e-67\"><strong>Verkstadsindustri<\/strong><\/h1>\n\n\n<style>.wp-block-kadence-spacer.kt-block-spacer-2020_24c609-6d .kt-block-spacer{height:6px;}.wp-block-kadence-spacer.kt-block-spacer-2020_24c609-6d .kt-divider{border-top-width:4px;border-top-color:var(--global-palette1, #3182CE);width:100%;border-top-style:solid;}<\/style>\n<div class=\"wp-block-kadence-spacer aligncenter kt-block-spacer-2020_24c609-6d\"><div class=\"kt-block-spacer kt-block-spacer-halign-left\"><hr class=\"kt-divider\"\/><\/div><\/div>\n\n\n<style>.wp-block-kadence-advancedheading.kt-adv-heading2020_03b504-20, .wp-block-kadence-advancedheading.kt-adv-heading2020_03b504-20[data-kb-block=\"kb-adv-heading2020_03b504-20\"]{line-height:1;font-style:normal;text-transform:none;}.wp-block-kadence-advancedheading.kt-adv-heading2020_03b504-20 mark.kt-highlight, .wp-block-kadence-advancedheading.kt-adv-heading2020_03b504-20[data-kb-block=\"kb-adv-heading2020_03b504-20\"] mark.kt-highlight{font-style:normal;color:#f76a0c;-webkit-box-decoration-break:clone;box-decoration-break:clone;padding-top:0px;padding-right:0px;padding-bottom:0px;padding-left:0px;}.wp-block-kadence-advancedheading.kt-adv-heading2020_03b504-20 img.kb-inline-image, .wp-block-kadence-advancedheading.kt-adv-heading2020_03b504-20[data-kb-block=\"kb-adv-heading2020_03b504-20\"] img.kb-inline-image{width:150px;vertical-align:baseline;}<\/style>\n<h2 class=\"kt-adv-heading2020_03b504-20 wp-block-kadence-advancedheading has-theme-palette-9-color has-text-color\" data-kb-block=\"kb-adv-heading2020_03b504-20\">Vi f\u00f6rb\u00e4ttrar processer inom verkstadsindustrin<\/h2>\n\n\n<style>.wp-block-kadence-advancedheading.kt-adv-heading2020_ecd516-f7, .wp-block-kadence-advancedheading.kt-adv-heading2020_ecd516-f7[data-kb-block=\"kb-adv-heading2020_ecd516-f7\"]{padding-top:0px;font-style:normal;}.wp-block-kadence-advancedheading.kt-adv-heading2020_ecd516-f7 mark.kt-highlight, .wp-block-kadence-advancedheading.kt-adv-heading2020_ecd516-f7[data-kb-block=\"kb-adv-heading2020_ecd516-f7\"] mark.kt-highlight{font-style:normal;color:#f76a0c;-webkit-box-decoration-break:clone;box-decoration-break:clone;padding-top:0px;padding-right:0px;padding-bottom:0px;padding-left:0px;}.wp-block-kadence-advancedheading.kt-adv-heading2020_ecd516-f7 img.kb-inline-image, .wp-block-kadence-advancedheading.kt-adv-heading2020_ecd516-f7[data-kb-block=\"kb-adv-heading2020_ecd516-f7\"] img.kb-inline-image{width:150px;vertical-align:baseline;}<\/style>\n<p class=\"kt-adv-heading2020_ecd516-f7 wp-block-kadence-advancedheading has-theme-palette-9-color has-text-color\" data-kb-block=\"kb-adv-heading2020_ecd516-f7\">Sejfo har stor erfarenhet fr\u00e5n leveranser av utrustning till verkstadsindustri i varierande milj\u00f6er.<\/p>\n<\/div><\/div>\n\n\n<style>.kadence-column2020_77a4d4-82 > .kt-inside-inner-col{padding-top:60px;}.kadence-column2020_77a4d4-82 > .kt-inside-inner-col,.kadence-column2020_77a4d4-82 > .kt-inside-inner-col:before{border-top-left-radius:0px;border-top-right-radius:0px;border-bottom-right-radius:0px;border-bottom-left-radius:0px;}.kadence-column2020_77a4d4-82 > .kt-inside-inner-col{column-gap:var(--global-kb-gap-sm, 1rem);}.kadence-column2020_77a4d4-82 > .kt-inside-inner-col{flex-direction:column;}.kadence-column2020_77a4d4-82 > .kt-inside-inner-col > .aligncenter{width:100%;}.kadence-column2020_77a4d4-82 > .kt-inside-inner-col:before{opacity:0.3;}.kadence-column2020_77a4d4-82{position:relative;}@media all and (max-width: 1024px){.kadence-column2020_77a4d4-82 > .kt-inside-inner-col{flex-direction:column;justify-content:center;}}@media all and (max-width: 767px){.kadence-column2020_77a4d4-82 > .kt-inside-inner-col{flex-direction:column;justify-content:center;}}<\/style>\n<div class=\"wp-block-kadence-column kadence-column2020_77a4d4-82\"><div class=\"kt-inside-inner-col\"><style>.wp-block-kadence-advancedheading.kt-adv-heading2020_c6eb03-88, .wp-block-kadence-advancedheading.kt-adv-heading2020_c6eb03-88[data-kb-block=\"kb-adv-heading2020_c6eb03-88\"]{font-style:normal;}.wp-block-kadence-advancedheading.kt-adv-heading2020_c6eb03-88 mark.kt-highlight, .wp-block-kadence-advancedheading.kt-adv-heading2020_c6eb03-88[data-kb-block=\"kb-adv-heading2020_c6eb03-88\"] mark.kt-highlight{font-style:normal;color:#f76a0c;-webkit-box-decoration-break:clone;box-decoration-break:clone;padding-top:0px;padding-right:0px;padding-bottom:0px;padding-left:0px;}.wp-block-kadence-advancedheading.kt-adv-heading2020_c6eb03-88 img.kb-inline-image, .wp-block-kadence-advancedheading.kt-adv-heading2020_c6eb03-88[data-kb-block=\"kb-adv-heading2020_c6eb03-88\"] img.kb-inline-image{width:150px;vertical-align:baseline;}<\/style>\n<h2 class=\"kt-adv-heading2020_c6eb03-88 wp-block-kadence-advancedheading has-theme-palette-9-color has-text-color\" data-kb-block=\"kb-adv-heading2020_c6eb03-88\"><strong>Projekt inom verksatdsindustrin<\/strong><\/h2>\n\n\n<div class=\"woocommerce columns-2 \"><ul class=\"products content-wrap product-archive grid-cols grid-sm-col-2 grid-lg-col-2 products-grid-view woo-archive-action-on-hover woo-archive-btn-text  woo-archive-image-hover-zoom\"><li class=\"entry content-bg loop-entry product type-product post-3120 status-publish first instock product_cat-maskinbyggare product_cat-verkstadsindustri has-post-thumbnail featured shipping-taxable product-type-simple\">\n\t<a href=\"https:\/\/www.sejfo.se\/en\/laddare-och-varmare-for-hpwf\/\" class=\"woocommerce-loop-image-link woocommerce-LoopProduct-link woocommerce-loop-product__link product-has-hover-image\"><img loading=\"lazy\" decoding=\"async\" width=\"500\" height=\"400\" src=\"https:\/\/www.sejfo.se\/wp-content\/uploads\/2023\/07\/A21023-maskin-500x400.jpg\" class=\"attachment-woocommerce_thumbnail size-woocommerce_thumbnail\" alt=\"Laddare och v\u00e4rmare f\u00f6r HPWF\" \/><img loading=\"lazy\" decoding=\"async\" width=\"480\" height=\"500\" src=\"https:\/\/www.sejfo.se\/wp-content\/uploads\/2023\/07\/A21023-Assembly-480x500.jpg\" class=\"secondary-product-image attachment-woocommerce_thumbnail attachment-shop-catalog wp-post-image wp-post-image--secondary\" alt=\"\" title=\"A21023 Assembly\" \/><\/a><div class=\"product-details content-bg entry-content-wrap\"><h2 class=\"woocommerce-loop-product__title\"><a href=\"https:\/\/www.sejfo.se\/en\/laddare-och-varmare-for-hpwf\/\" class=\"woocommerce-LoopProduct-link-title woocommerce-loop-product__title_ink\">Laddare och v\u00e4rmare f\u00f6r HPWF<\/a><\/h2>\n<div class=\"product-action-wrap\"><a href=\"https:\/\/www.sejfo.se\/en\/laddare-och-varmare-for-hpwf\/\" data-quantity=\"1\" class=\"button product_type_simple\" data-product_id=\"3120\" data-product_sku=\"\" aria-label=\"Read more about \u201dLaddare och v\u00e4rmare f\u00f6r HPWF\u201d\" rel=\"nofollow\" data-success_message=\"\">Read more<span class=\"kadence-svg-iconset svg-baseline\"><svg aria-hidden=\"true\" class=\"kadence-svg-icon kadence-arrow-right-alt-svg\" fill=\"currentColor\" version=\"1.1\" xmlns=\"http:\/\/www.w3.org\/2000\/svg\" width=\"27\" height=\"28\" viewBox=\"0 0 27 28\"><title>Continue<\/title><path d=\"M27 13.953c0 0.141-0.063 0.281-0.156 0.375l-6 5.531c-0.156 0.141-0.359 0.172-0.547 0.094-0.172-0.078-0.297-0.25-0.297-0.453v-3.5h-19.5c-0.281 0-0.5-0.219-0.5-0.5v-3c0-0.281 0.219-0.5 0.5-0.5h19.5v-3.5c0-0.203 0.109-0.375 0.297-0.453s0.391-0.047 0.547 0.078l6 5.469c0.094 0.094 0.156 0.219 0.156 0.359v0z\"><\/path>\n\t\t\t\t<\/svg><\/span><span class=\"kadence-svg-iconset svg-baseline\"><svg class=\"kadence-svg-icon kadence-spinner-svg\" fill=\"currentColor\" version=\"1.1\" xmlns=\"http:\/\/www.w3.org\/2000\/svg\" width=\"16\" height=\"16\" viewBox=\"0 0 16 16\"><title>Loading<\/title><path d=\"M16 6h-6l2.243-2.243c-1.133-1.133-2.64-1.757-4.243-1.757s-3.109 0.624-4.243 1.757c-1.133 1.133-1.757 2.64-1.757 4.243s0.624 3.109 1.757 4.243c1.133 1.133 2.64 1.757 4.243 1.757s3.109-0.624 4.243-1.757c0.095-0.095 0.185-0.192 0.273-0.292l1.505 1.317c-1.466 1.674-3.62 2.732-6.020 2.732-4.418 0-8-3.582-8-8s3.582-8 8-8c2.209 0 4.209 0.896 5.656 2.344l2.343-2.344v6z\"><\/path>\n\t\t\t\t<\/svg><\/span><span class=\"kadence-svg-iconset svg-baseline\"><svg class=\"kadence-svg-icon kadence-check-svg\" fill=\"currentColor\" version=\"1.1\" xmlns=\"http:\/\/www.w3.org\/2000\/svg\" width=\"16\" height=\"16\" viewBox=\"0 0 16 16\"><title>Done<\/title><path d=\"M14 2.5l-8.5 8.5-3.5-3.5-1.5 1.5 5 5 10-10z\"><\/path>\n\t\t\t\t<\/svg><\/span><\/a>\t<span id=\"woocommerce_loop_add_to_cart_link_describedby_3120\" class=\"screen-reader-text\">\n\t\t\t<\/span>\n<\/div><\/div><\/li>\n<li class=\"entry content-bg loop-entry product type-product post-2538 status-publish last instock product_cat-laserskarning product_cat-verkstadsindustri product_tag-a21045 has-post-thumbnail featured shipping-taxable product-type-simple\">\n\t<a href=\"https:\/\/www.sejfo.se\/en\/kantskarning-med-laser\/\" class=\"woocommerce-loop-image-link woocommerce-LoopProduct-link woocommerce-loop-product__link product-has-hover-image\"><img loading=\"lazy\" decoding=\"async\" width=\"500\" height=\"500\" src=\"https:\/\/www.sejfo.se\/wp-content\/uploads\/2024\/04\/A21045-Kantbearbetning-med-robot-hoger-500x500.png\" class=\"attachment-woocommerce_thumbnail size-woocommerce_thumbnail\" alt=\"Kantsk\u00e4rning med laser\" srcset=\"https:\/\/www.sejfo.se\/wp-content\/uploads\/2024\/04\/A21045-Kantbearbetning-med-robot-hoger-500x500.png 500w, https:\/\/www.sejfo.se\/wp-content\/uploads\/2024\/04\/A21045-Kantbearbetning-med-robot-hoger-150x150.png 150w, https:\/\/www.sejfo.se\/wp-content\/uploads\/2024\/04\/A21045-Kantbearbetning-med-robot-hoger-100x100.png 100w, https:\/\/www.sejfo.se\/wp-content\/uploads\/2024\/04\/A21045-Kantbearbetning-med-robot-hoger-250x250.png 250w, https:\/\/www.sejfo.se\/wp-content\/uploads\/2024\/04\/A21045-Kantbearbetning-med-robot-hoger-166x166.png 166w, https:\/\/www.sejfo.se\/wp-content\/uploads\/2024\/04\/A21045-Kantbearbetning-med-robot-hoger-83x83.png 83w\" sizes=\"auto, (max-width: 500px) 100vw, 500px\" \/><img loading=\"lazy\" decoding=\"async\" width=\"150\" height=\"113\" src=\"https:\/\/www.sejfo.se\/wp-content\/uploads\/2023\/06\/A21045-Laserhuvud-150x113.png\" class=\"secondary-product-image attachment-woocommerce_thumbnail attachment-shop-catalog wp-post-image wp-post-image--secondary\" alt=\"\" title=\"A21045 Laserhuvud\" srcset=\"https:\/\/www.sejfo.se\/wp-content\/uploads\/2023\/06\/A21045-Laserhuvud-150x113.png 150w, https:\/\/www.sejfo.se\/wp-content\/uploads\/2023\/06\/A21045-Laserhuvud-300x228.png 300w, https:\/\/www.sejfo.se\/wp-content\/uploads\/2023\/06\/A21045-Laserhuvud.png 366w\" sizes=\"auto, (max-width: 150px) 100vw, 150px\" \/><\/a><div class=\"product-details content-bg entry-content-wrap\"><h2 class=\"woocommerce-loop-product__title\"><a href=\"https:\/\/www.sejfo.se\/en\/kantskarning-med-laser\/\" class=\"woocommerce-LoopProduct-link-title woocommerce-loop-product__title_ink\">Kantsk\u00e4rning med laser<\/a><\/h2>\n<div class=\"product-action-wrap\"><a href=\"https:\/\/www.sejfo.se\/en\/kantskarning-med-laser\/\" data-quantity=\"1\" class=\"button product_type_simple\" data-product_id=\"2538\" data-product_sku=\"\" aria-label=\"Read more about \u201dKantsk\u00e4rning med laser\u201d\" rel=\"nofollow\" data-success_message=\"\">Read more<span class=\"kadence-svg-iconset svg-baseline\"><svg aria-hidden=\"true\" class=\"kadence-svg-icon kadence-arrow-right-alt-svg\" fill=\"currentColor\" version=\"1.1\" xmlns=\"http:\/\/www.w3.org\/2000\/svg\" width=\"27\" height=\"28\" viewBox=\"0 0 27 28\"><title>Continue<\/title><path d=\"M27 13.953c0 0.141-0.063 0.281-0.156 0.375l-6 5.531c-0.156 0.141-0.359 0.172-0.547 0.094-0.172-0.078-0.297-0.25-0.297-0.453v-3.5h-19.5c-0.281 0-0.5-0.219-0.5-0.5v-3c0-0.281 0.219-0.5 0.5-0.5h19.5v-3.5c0-0.203 0.109-0.375 0.297-0.453s0.391-0.047 0.547 0.078l6 5.469c0.094 0.094 0.156 0.219 0.156 0.359v0z\"><\/path>\n\t\t\t\t<\/svg><\/span><span class=\"kadence-svg-iconset svg-baseline\"><svg class=\"kadence-svg-icon kadence-spinner-svg\" fill=\"currentColor\" version=\"1.1\" xmlns=\"http:\/\/www.w3.org\/2000\/svg\" width=\"16\" height=\"16\" viewBox=\"0 0 16 16\"><title>Loading<\/title><path d=\"M16 6h-6l2.243-2.243c-1.133-1.133-2.64-1.757-4.243-1.757s-3.109 0.624-4.243 1.757c-1.133 1.133-1.757 2.64-1.757 4.243s0.624 3.109 1.757 4.243c1.133 1.133 2.64 1.757 4.243 1.757s3.109-0.624 4.243-1.757c0.095-0.095 0.185-0.192 0.273-0.292l1.505 1.317c-1.466 1.674-3.62 2.732-6.020 2.732-4.418 0-8-3.582-8-8s3.582-8 8-8c2.209 0 4.209 0.896 5.656 2.344l2.343-2.344v6z\"><\/path>\n\t\t\t\t<\/svg><\/span><span class=\"kadence-svg-iconset svg-baseline\"><svg class=\"kadence-svg-icon kadence-check-svg\" fill=\"currentColor\" version=\"1.1\" xmlns=\"http:\/\/www.w3.org\/2000\/svg\" width=\"16\" height=\"16\" viewBox=\"0 0 16 16\"><title>Done<\/title><path d=\"M14 2.5l-8.5 8.5-3.5-3.5-1.5 1.5 5 5 10-10z\"><\/path>\n\t\t\t\t<\/svg><\/span><\/a>\t<span id=\"woocommerce_loop_add_to_cart_link_describedby_2538\" class=\"screen-reader-text\">\n\t\t\t<\/span>\n<\/div><\/div><\/li>\n<\/ul>\n<\/div>\n<\/div><\/div>\n\n<\/div><\/div>\n\n<style>.kb-row-layout-id2020_ba1a5e-7f > .kt-row-column-wrap{align-content:start;}:where(.kb-row-layout-id2020_ba1a5e-7f > .kt-row-column-wrap) > .wp-block-kadence-column{justify-content:start;}.kb-row-layout-id2020_ba1a5e-7f > .kt-row-column-wrap{column-gap:var(--global-kb-gap-md, 2rem);row-gap:var(--global-kb-gap-md, 2rem);padding-top:var(--global-kb-spacing-sm, 1.5rem);padding-bottom:var(--global-kb-spacing-sm, 1.5rem);grid-template-columns:minmax(0, 1fr);}.kb-row-layout-id2020_ba1a5e-7f > .kt-row-layout-overlay{opacity:0.30;}@media all and (max-width: 1024px){.kb-row-layout-id2020_ba1a5e-7f > .kt-row-column-wrap{grid-template-columns:minmax(0, 1fr);}}@media all and (max-width: 767px){.kb-row-layout-id2020_ba1a5e-7f > .kt-row-column-wrap{grid-template-columns:minmax(0, 1fr);}}<\/style><div class=\"kb-row-layout-wrap kb-row-layout-id2020_ba1a5e-7f alignnone wp-block-kadence-rowlayout\"><div class=\"kt-row-column-wrap kt-has-1-columns kt-row-layout-equal kt-tab-layout-inherit kt-mobile-layout-row kt-row-valign-top\">\n<style>.kadence-column2020_c014ed-02 > .kt-inside-inner-col{padding-top:0%;padding-right:18%;padding-bottom:0%;padding-left:18%;}.kadence-column2020_c014ed-02 > .kt-inside-inner-col,.kadence-column2020_c014ed-02 > .kt-inside-inner-col:before{border-top-left-radius:0px;border-top-right-radius:0px;border-bottom-right-radius:0px;border-bottom-left-radius:0px;}.kadence-column2020_c014ed-02 > .kt-inside-inner-col{column-gap:var(--global-kb-gap-sm, 1rem);}.kadence-column2020_c014ed-02 > .kt-inside-inner-col{flex-direction:column;}.kadence-column2020_c014ed-02 > .kt-inside-inner-col > .aligncenter{width:100%;}.kadence-column2020_c014ed-02 > .kt-inside-inner-col:before{opacity:0.3;}.kadence-column2020_c014ed-02{position:relative;}.kadence-column2020_c014ed-02, .kt-inside-inner-col > .kadence-column2020_c014ed-02:not(.specificity){margin-top:0%;margin-right:0%;margin-bottom:0%;margin-left:0%;}@media all and (max-width: 1024px){.kadence-column2020_c014ed-02 > .kt-inside-inner-col{flex-direction:column;justify-content:center;}}@media all and (max-width: 767px){.kadence-column2020_c014ed-02 > .kt-inside-inner-col{flex-direction:column;justify-content:center;}}<\/style>\n<div class=\"wp-block-kadence-column kadence-column2020_c014ed-02\"><div class=\"kt-inside-inner-col\"><\/div><\/div>\n\n<\/div><\/div><\/div><\/div>\n","protected":false},"excerpt":{"rendered":"<p>Verkstadsindustri Vi f\u00f6rb\u00e4ttrar processer inom verkstadsindustrin Sejfo har stor erfarenhet fr\u00e5n leveranser av utrustning till verkstadsindustri i varierande milj\u00f6er. Projekt inom verksatdsindustrin<\/p>","protected":false},"author":5,"featured_media":0,"parent":1126,"menu_order":0,"comment_status":"closed","ping_status":"closed","template":"","meta":{"_acf_changed":false,"_kad_blocks_custom_css":"","_kad_blocks_head_custom_js":"","_kad_blocks_body_custom_js":"","_kad_blocks_footer_custom_js":"","_kad_post_transparent":"","_kad_post_title":"","_kad_post_layout":"fullwidth","_kad_post_sidebar_id":"","_kad_post_content_style":"","_kad_post_vertical_padding":"","_kad_post_feature":"","_kad_post_feature_position":"","_kad_post_header":false,"_kad_post_footer":false,"_kad_post_classname":"","footnotes":""},"class_list":["post-2020","page","type-page","status-publish","hentry"],"acf":[],"taxonomy_info":[],"featured_image_src_large":false,"author_info":{"display_name":"Mattias","author_link":"https:\/\/www.sejfo.se\/en\/author\/mlwebbyra\/"},"comment_info":0,"_links":{"self":[{"href":"https:\/\/www.sejfo.se\/en\/wp-json\/wp\/v2\/pages\/2020","targetHints":{"allow":["GET"]}}],"collection":[{"href":"https:\/\/www.sejfo.se\/en\/wp-json\/wp\/v2\/pages"}],"about":[{"href":"https:\/\/www.sejfo.se\/en\/wp-json\/wp\/v2\/types\/page"}],"author":[{"embeddable":true,"href":"https:\/\/www.sejfo.se\/en\/wp-json\/wp\/v2\/users\/5"}],"replies":[{"embeddable":true,"href":"https:\/\/www.sejfo.se\/en\/wp-json\/wp\/v2\/comments?post=2020"}],"version-history":[{"count":0,"href":"https:\/\/www.sejfo.se\/en\/wp-json\/wp\/v2\/pages\/2020\/revisions"}],"up":[{"embeddable":true,"href":"https:\/\/www.sejfo.se\/en\/wp-json\/wp\/v2\/pages\/1126"}],"wp:attachment":[{"href":"https:\/\/www.sejfo.se\/en\/wp-json\/wp\/v2\/media?parent=2020"}],"curies":[{"name":"wp","href":"https:\/\/api.w.org\/{rel}","templated":true}]}}