{"id":1954,"date":"2023-05-26T10:41:05","date_gmt":"2023-05-26T08:41:05","guid":{"rendered":"https:\/\/www.sejfo.se\/?page_id=1954"},"modified":"2024-06-24T12:46:52","modified_gmt":"2024-06-24T10:46:52","slug":"ombyggnad-och-modernisering","status":"publish","type":"page","link":"https:\/\/www.sejfo.se\/en\/industriservice\/ombyggnad-och-modernisering\/","title":{"rendered":"Retrofit and Modernization\u00a0"},"content":{"rendered":"<style>.kadence-column1954_60820e-44 > .kt-inside-inner-col{padding-top:2%;padding-bottom:5%;}.kadence-column1954_60820e-44 > .kt-inside-inner-col,.kadence-column1954_60820e-44 > .kt-inside-inner-col:before{border-top-left-radius:0px;border-top-right-radius:0px;border-bottom-right-radius:0px;border-bottom-left-radius:0px;}.kadence-column1954_60820e-44 > .kt-inside-inner-col{column-gap:0px;}.kadence-column1954_60820e-44 > .kt-inside-inner-col{flex-direction:column;}.kadence-column1954_60820e-44 > .kt-inside-inner-col > .aligncenter{width:100%;}.kadence-column1954_60820e-44 > .kt-inside-inner-col{background-image:url('https:\/\/www.sejfo.se\/wp-content\/uploads\/2024\/03\/Ombyggnad-och-modernisering-av-sejfo.jpg');background-size:contain;background-position:50% 65%;background-attachment:scroll;background-repeat:no-repeat;}.kadence-column1954_60820e-44 > .kt-inside-inner-col:before{opacity:0.67;background-color:#000000;}.kadence-column1954_60820e-44{text-align:left;}.kadence-column1954_60820e-44{position:relative;}.kadence-column1954_60820e-44, .kt-inside-inner-col > .kadence-column1954_60820e-44:not(.specificity){margin-right:0px;margin-left:0px;}@media all and (max-width: 1024px){.kadence-column1954_60820e-44 > .kt-inside-inner-col{padding-top:var(--global-kb-spacing-lg, 3rem);padding-bottom:var(--global-kb-spacing-xxl, 5rem);flex-direction:column;justify-content:center;}}@media all and (max-width: 767px){.kadence-column1954_60820e-44 > .kt-inside-inner-col{padding-top:10%;padding-right:3%;padding-bottom:15%;padding-left:3%;flex-direction:column;justify-content:center;}}<\/style>\n<div class=\"wp-block-kadence-column kadence-column1954_60820e-44 kb-section-has-overlay alignfull kb-section-dir-vertical\"><div class=\"kt-inside-inner-col\"><style>.kb-row-layout-id1954_73260d-d3 > .kt-row-column-wrap{align-content:start;}:where(.kb-row-layout-id1954_73260d-d3 > .kt-row-column-wrap) > .wp-block-kadence-column{justify-content:start;}.kb-row-layout-id1954_73260d-d3 > .kt-row-column-wrap{column-gap:var(--global-kb-gap-md, 2rem);row-gap:var(--global-kb-gap-md, 2rem);max-width:var( --global-content-width, 1170px );padding-left:var(--global-content-edge-padding);padding-right:var(--global-content-edge-padding);padding-top:0px;padding-bottom:var(--global-kb-spacing-sm, 1.5rem);grid-template-columns:repeat(2, minmax(0, 1fr));}.kb-row-layout-id1954_73260d-d3 > .kt-row-layout-overlay{opacity:0.30;}@media all and (max-width: 1024px){.kb-row-layout-id1954_73260d-d3 > .kt-row-column-wrap{grid-template-columns:repeat(2, minmax(0, 1fr));}}@media all and (max-width: 767px){.kb-row-layout-wrap.wp-block-kadence-rowlayout.kb-row-layout-id1954_73260d-d3{margin-top:0px;margin-bottom:0px;}.kb-row-layout-id1954_73260d-d3 > .kt-row-column-wrap{padding-top:0px;padding-right:0px;padding-bottom:0px;padding-left:0px;grid-template-columns:minmax(0, 1fr);}}<\/style><div class=\"kb-row-layout-wrap kb-row-layout-id1954_73260d-d3 alignnone wp-block-kadence-rowlayout\"><div class=\"kt-row-column-wrap kt-has-2-columns kt-row-layout-equal kt-tab-layout-inherit kt-mobile-layout-row kt-row-valign-top kb-theme-content-width\">\n<style>.kadence-column1954_f7f85a-c7 > .kt-inside-inner-col,.kadence-column1954_f7f85a-c7 > .kt-inside-inner-col:before{border-top-left-radius:0px;border-top-right-radius:0px;border-bottom-right-radius:0px;border-bottom-left-radius:0px;}.kadence-column1954_f7f85a-c7 > .kt-inside-inner-col{column-gap:var(--global-kb-gap-sm, 1rem);}.kadence-column1954_f7f85a-c7 > .kt-inside-inner-col{flex-direction:column;}.kadence-column1954_f7f85a-c7 > .kt-inside-inner-col > .aligncenter{width:100%;}.kadence-column1954_f7f85a-c7 > .kt-inside-inner-col:before{opacity:0.3;}.kadence-column1954_f7f85a-c7{position:relative;}@media all and (max-width: 1024px){.kadence-column1954_f7f85a-c7 > .kt-inside-inner-col{flex-direction:column;justify-content:center;}}@media all and (max-width: 767px){.kadence-column1954_f7f85a-c7 > .kt-inside-inner-col{padding-top:0px;padding-right:0px;padding-bottom:0px;padding-left:0px;flex-direction:column;justify-content:center;}.kadence-column1954_f7f85a-c7, .kt-inside-inner-col > .kadence-column1954_f7f85a-c7:not(.specificity){margin-top:0px;margin-right:0px;margin-bottom:0px;margin-left:0px;}}<\/style>\n<div class=\"wp-block-kadence-column kadence-column1954_f7f85a-c7\"><div class=\"kt-inside-inner-col\"><style>.wp-block-kadence-advancedheading.kt-adv-heading1954_aed135-6f, .wp-block-kadence-advancedheading.kt-adv-heading1954_aed135-6f[data-kb-block=\"kb-adv-heading1954_aed135-6f\"]{max-width:620px;padding-top:0%;padding-right:0%;padding-bottom:2%;padding-left:0%;margin-top:0%;margin-right:0%;margin-bottom:0%;margin-left:0%;line-height:1;font-style:normal;text-transform:none;color:#fefefe;}.wp-block-kadence-advancedheading.kt-adv-heading1954_aed135-6f mark.kt-highlight, .wp-block-kadence-advancedheading.kt-adv-heading1954_aed135-6f[data-kb-block=\"kb-adv-heading1954_aed135-6f\"] mark.kt-highlight{font-style:normal;color:#f76a0c;-webkit-box-decoration-break:clone;box-decoration-break:clone;padding-top:0px;padding-right:0px;padding-bottom:0px;padding-left:0px;}.wp-block-kadence-advancedheading.kt-adv-heading1954_aed135-6f img.kb-inline-image, .wp-block-kadence-advancedheading.kt-adv-heading1954_aed135-6f[data-kb-block=\"kb-adv-heading1954_aed135-6f\"] img.kb-inline-image{width:150px;vertical-align:baseline;}<\/style>\n<h1 class=\"kt-adv-heading1954_aed135-6f wp-block-kadence-advancedheading\" data-kb-block=\"kb-adv-heading1954_aed135-6f\"><strong>Ombyggnad &amp; modernisering<\/strong><\/h1>\n\n\n<style>.wp-block-kadence-spacer.kt-block-spacer-1954_80fa04-4f .kt-block-spacer{height:6px;}.wp-block-kadence-spacer.kt-block-spacer-1954_80fa04-4f .kt-divider{border-top-width:4px;border-top-color:var(--global-palette1, #3182CE);width:100%;border-top-style:solid;}@media all and (max-width: 767px){.wp-block-kadence-spacer.kt-block-spacer-1954_80fa04-4f .kt-divider{width:280%!important;}}<\/style>\n<div class=\"wp-block-kadence-spacer aligncenter kt-block-spacer-1954_80fa04-4f\"><div class=\"kt-block-spacer kt-block-spacer-halign-left\"><hr class=\"kt-divider\"\/><\/div><\/div>\n\n\n<style>.wp-block-kadence-advancedheading.kt-adv-heading1954_a46e49-5e, .wp-block-kadence-advancedheading.kt-adv-heading1954_a46e49-5e[data-kb-block=\"kb-adv-heading1954_a46e49-5e\"]{padding-top:20px;padding-right:0px;padding-bottom:20px;padding-left:0px;margin-top:0px;margin-right:0px;margin-bottom:0px;margin-left:0px;font-style:normal;text-transform:none;}.wp-block-kadence-advancedheading.kt-adv-heading1954_a46e49-5e mark.kt-highlight, .wp-block-kadence-advancedheading.kt-adv-heading1954_a46e49-5e[data-kb-block=\"kb-adv-heading1954_a46e49-5e\"] mark.kt-highlight{font-style:normal;color:#f76a0c;-webkit-box-decoration-break:clone;box-decoration-break:clone;padding-top:0px;padding-right:0px;padding-bottom:0px;padding-left:0px;}.wp-block-kadence-advancedheading.kt-adv-heading1954_a46e49-5e img.kb-inline-image, .wp-block-kadence-advancedheading.kt-adv-heading1954_a46e49-5e[data-kb-block=\"kb-adv-heading1954_a46e49-5e\"] img.kb-inline-image{width:150px;vertical-align:baseline;}<\/style>\n<h2 class=\"kt-adv-heading1954_a46e49-5e wp-block-kadence-advancedheading has-theme-palette-9-color has-text-color\" data-kb-block=\"kb-adv-heading1954_a46e49-5e\">Vi utf\u00f6r alla typer av ombyggnationer av er befintliga utrustning <\/h2>\n\n\n<style>.wp-block-kadence-advancedheading.kt-adv-heading1954_1b9cac-78, .wp-block-kadence-advancedheading.kt-adv-heading1954_1b9cac-78[data-kb-block=\"kb-adv-heading1954_1b9cac-78\"]{padding-top:20px;padding-right:0px;padding-bottom:20px;padding-left:0px;margin-top:0px;margin-right:0px;margin-bottom:0px;margin-left:0px;font-style:normal;}.wp-block-kadence-advancedheading.kt-adv-heading1954_1b9cac-78 mark.kt-highlight, .wp-block-kadence-advancedheading.kt-adv-heading1954_1b9cac-78[data-kb-block=\"kb-adv-heading1954_1b9cac-78\"] mark.kt-highlight{font-style:normal;color:#f76a0c;-webkit-box-decoration-break:clone;box-decoration-break:clone;padding-top:0px;padding-right:0px;padding-bottom:0px;padding-left:0px;}.wp-block-kadence-advancedheading.kt-adv-heading1954_1b9cac-78 img.kb-inline-image, .wp-block-kadence-advancedheading.kt-adv-heading1954_1b9cac-78[data-kb-block=\"kb-adv-heading1954_1b9cac-78\"] img.kb-inline-image{width:150px;vertical-align:baseline;}<\/style>\n<p class=\"kt-adv-heading1954_1b9cac-78 wp-block-kadence-advancedheading has-theme-palette-9-color has-text-color\" data-kb-block=\"kb-adv-heading1954_1b9cac-78\">Vi kan bist\u00e5 med allt som kr\u00e4vs vid en ombyggnation, s\u00e5som konceptl\u00f6sning, konstruktion, mekanik, el, programmering, drifts\u00e4ttning, projektledning, s\u00e4kerhetsgranskning, CE-m\u00e4rkning och dokumentation.<\/p>\n\n\n\n<p class=\"has-theme-palette-7-color has-text-color has-link-color wp-elements-5b6ac7095c8734311aae8656888e8f5a\">Det kan finnas stora&nbsp;<strong>f\u00f6rdelar<\/strong>&nbsp;med att&nbsp;<strong>modernisera<\/strong>&nbsp;sin gamla produktionsutrustning:<\/p>\n\n\n\n<ol class=\"has-theme-palette-7-color has-text-color has-link-color wp-block-list wp-elements-dd0f55cd5b3f6d0137fd2a2c070f2a49\">\n<li style=\"padding-top:var(--wp--preset--spacing--40);padding-bottom:var(--wp--preset--spacing--40)\"><strong>H\u00f6gre nyttjandegrad<\/strong>: Genom att modernisera kan du s\u00e4kerst\u00e4lla att din utrustning anv\u00e4nds mer effektivt och att den inte blir f\u00f6r\u00e5ldrad.&nbsp;Detta leder till \u00f6kad produktivitet och minskade driftstopp.<br><\/li>\n\n\n\n<li style=\"padding-top:var(--wp--preset--spacing--40);padding-bottom:var(--wp--preset--spacing--40)\"><strong>L\u00e4ngre livsl\u00e4ngd<\/strong>: Genom att uppgradera och underh\u00e5lla din utrustning kan du f\u00f6rl\u00e4nga dess livsl\u00e4ngd.&nbsp;Detta minskar behovet av att k\u00f6pa ny utrustning och sparar pengar p\u00e5 l\u00e5ng sikt.<br><\/li>\n\n\n\n<li style=\"padding-top:var(--wp--preset--spacing--40);padding-bottom:var(--wp--preset--spacing--40)\"><strong>B\u00e4ttre prestanda<\/strong>: Modernisering kan f\u00f6rb\u00e4ttra utrustningens prestanda, precision och kvalitet.&nbsp;Detta kan leda till \u00f6kad produktionseffektivitet och b\u00e4ttre produkter.<br><\/li>\n\n\n\n<li style=\"padding-top:var(--wp--preset--spacing--40);padding-bottom:var(--wp--preset--spacing--40)\"><strong>H\u00e5llbarhet<\/strong>: Genom att modernisera kan du minska energif\u00f6rbrukningen och anv\u00e4nda mer milj\u00f6v\u00e4nliga material. Detta \u00e4r viktigt f\u00f6r att uppfylla h\u00e5llbarhetsm\u00e5l och minska milj\u00f6p\u00e5verkan.<br><\/li>\n\n\n\n<li style=\"padding-top:var(--wp--preset--spacing--40);padding-bottom:var(--wp--preset--spacing--40)\"><strong>F\u00f6rb\u00e4ttrad s\u00e4kerhet<\/strong>: Ny utrustning har ofta b\u00e4ttre s\u00e4kerhetsfunktioner och kan minska risken f\u00f6r olyckor och skador p\u00e5 arbetsplatsen.<br><\/li>\n<\/ol>\n\n\n\n<p class=\"has-theme-palette-7-color has-text-color has-link-color wp-elements-ae515ba8a0877bc7608c2033c73a99a6\">Sammanfattningsvis kan modernisering av produktionsutrustning ge \u00f6kad effektivitet, l\u00e4ngre livsl\u00e4ngd och b\u00e4ttre resultat f\u00f6r ditt f\u00f6retag.<\/p>\n<\/div><\/div>\n\n\n<style>.kadence-column1954_3e05a0-8c > .kt-inside-inner-col{padding-top:60px;padding-right:0px;padding-bottom:0px;padding-left:0px;}.kadence-column1954_3e05a0-8c > .kt-inside-inner-col,.kadence-column1954_3e05a0-8c > .kt-inside-inner-col:before{border-top-left-radius:0px;border-top-right-radius:0px;border-bottom-right-radius:0px;border-bottom-left-radius:0px;}.kadence-column1954_3e05a0-8c > .kt-inside-inner-col{column-gap:var(--global-kb-gap-sm, 1rem);}.kadence-column1954_3e05a0-8c > .kt-inside-inner-col{flex-direction:column;}.kadence-column1954_3e05a0-8c > .kt-inside-inner-col > .aligncenter{width:100%;}.kadence-column1954_3e05a0-8c > .kt-inside-inner-col:before{opacity:0.3;}.kadence-column1954_3e05a0-8c{position:relative;}.kadence-column1954_3e05a0-8c, .kt-inside-inner-col > .kadence-column1954_3e05a0-8c:not(.specificity){margin-top:0px;margin-right:0px;margin-bottom:0px;margin-left:0px;}@media all and (max-width: 1024px){.kadence-column1954_3e05a0-8c > .kt-inside-inner-col{flex-direction:column;justify-content:center;}}@media all and (max-width: 767px){.kadence-column1954_3e05a0-8c > .kt-inside-inner-col{padding-top:20px;padding-right:0px;padding-bottom:0px;padding-left:0px;flex-direction:column;justify-content:center;}.kadence-column1954_3e05a0-8c, .kt-inside-inner-col > .kadence-column1954_3e05a0-8c:not(.specificity){margin-top:0px;margin-right:0px;margin-bottom:0px;margin-left:0px;}}<\/style>\n<div class=\"wp-block-kadence-column kadence-column1954_3e05a0-8c\"><div class=\"kt-inside-inner-col\"><style>.wp-block-kadence-advancedheading.kt-adv-heading1954_5a09e3-79, .wp-block-kadence-advancedheading.kt-adv-heading1954_5a09e3-79[data-kb-block=\"kb-adv-heading1954_5a09e3-79\"]{margin-top:60px;font-style:normal;}.wp-block-kadence-advancedheading.kt-adv-heading1954_5a09e3-79 mark.kt-highlight, .wp-block-kadence-advancedheading.kt-adv-heading1954_5a09e3-79[data-kb-block=\"kb-adv-heading1954_5a09e3-79\"] mark.kt-highlight{font-style:normal;color:#f76a0c;-webkit-box-decoration-break:clone;box-decoration-break:clone;padding-top:0px;padding-right:0px;padding-bottom:0px;padding-left:0px;}.wp-block-kadence-advancedheading.kt-adv-heading1954_5a09e3-79 img.kb-inline-image, .wp-block-kadence-advancedheading.kt-adv-heading1954_5a09e3-79[data-kb-block=\"kb-adv-heading1954_5a09e3-79\"] img.kb-inline-image{width:150px;vertical-align:baseline;}@media all and (max-width: 767px){.wp-block-kadence-advancedheading.kt-adv-heading1954_5a09e3-79, .wp-block-kadence-advancedheading.kt-adv-heading1954_5a09e3-79[data-kb-block=\"kb-adv-heading1954_5a09e3-79\"]{padding-top:0px;padding-right:0px;padding-bottom:10px;padding-left:0px;margin-top:0px;margin-right:0px;margin-bottom:0px;margin-left:0px;}}<\/style>\n<h2 class=\"kt-adv-heading1954_5a09e3-79 wp-block-kadence-advancedheading has-theme-palette-9-color has-text-color\" data-kb-block=\"kb-adv-heading1954_5a09e3-79\"><strong>Projekt inom ombyggnationer<\/strong><\/h2>\n\n\n<div class=\"woocommerce columns-2 \"><div class=\"woocommerce-notices-wrapper\"><\/div><ul class=\"products content-wrap product-archive grid-cols grid-sm-col-2 grid-lg-col-2 products-grid-view woo-archive-action-on-hover woo-archive-btn-text  woo-archive-image-hover-zoom\"><li class=\"entry content-bg loop-entry product type-product post-8436 status-publish first instock product_cat-lakemedel product_cat-ombyggnad has-post-thumbnail shipping-taxable product-type-simple\">\n\t<a href=\"https:\/\/www.sejfo.se\/en\/ombyggnad-fyllningslinjer\/\" class=\"woocommerce-loop-image-link woocommerce-LoopProduct-link woocommerce-loop-product__link product-has-hover-image\"><img loading=\"lazy\" decoding=\"async\" width=\"500\" height=\"500\" src=\"https:\/\/www.sejfo.se\/wp-content\/uploads\/2024\/03\/A19049-fyllningstratt-500x500.jpg\" class=\"attachment-woocommerce_thumbnail size-woocommerce_thumbnail\" alt=\"Ombyggnad fyllningslinjer\" srcset=\"https:\/\/www.sejfo.se\/wp-content\/uploads\/2024\/03\/A19049-fyllningstratt-500x500.jpg 500w, https:\/\/www.sejfo.se\/wp-content\/uploads\/2024\/03\/A19049-fyllningstratt-150x150.jpg 150w, https:\/\/www.sejfo.se\/wp-content\/uploads\/2024\/03\/A19049-fyllningstratt-100x100.jpg 100w, https:\/\/www.sejfo.se\/wp-content\/uploads\/2024\/03\/A19049-fyllningstratt-250x250.jpg 250w, https:\/\/www.sejfo.se\/wp-content\/uploads\/2024\/03\/A19049-fyllningstratt-166x166.jpg 166w, https:\/\/www.sejfo.se\/wp-content\/uploads\/2024\/03\/A19049-fyllningstratt-83x83.jpg 83w\" sizes=\"auto, (max-width: 500px) 100vw, 500px\" \/><img loading=\"lazy\" decoding=\"async\" width=\"500\" height=\"500\" src=\"https:\/\/www.sejfo.se\/wp-content\/uploads\/2024\/03\/A19049-2-500x500.jpg\" class=\"secondary-product-image attachment-woocommerce_thumbnail attachment-shop-catalog wp-post-image wp-post-image--secondary\" alt=\"\" title=\"A19049 2\" srcset=\"https:\/\/www.sejfo.se\/wp-content\/uploads\/2024\/03\/A19049-2-500x500.jpg 500w, https:\/\/www.sejfo.se\/wp-content\/uploads\/2024\/03\/A19049-2-150x150.jpg 150w, https:\/\/www.sejfo.se\/wp-content\/uploads\/2024\/03\/A19049-2-100x100.jpg 100w, https:\/\/www.sejfo.se\/wp-content\/uploads\/2024\/03\/A19049-2-250x250.jpg 250w, https:\/\/www.sejfo.se\/wp-content\/uploads\/2024\/03\/A19049-2-166x166.jpg 166w, https:\/\/www.sejfo.se\/wp-content\/uploads\/2024\/03\/A19049-2-83x83.jpg 83w\" sizes=\"auto, (max-width: 500px) 100vw, 500px\" \/><\/a><div class=\"product-details content-bg entry-content-wrap\"><h2 class=\"woocommerce-loop-product__title\"><a href=\"https:\/\/www.sejfo.se\/en\/ombyggnad-fyllningslinjer\/\" class=\"woocommerce-LoopProduct-link-title woocommerce-loop-product__title_ink\">Ombyggnad fyllningslinjer<\/a><\/h2>\n<div class=\"product-action-wrap\"><a href=\"https:\/\/www.sejfo.se\/en\/ombyggnad-fyllningslinjer\/\" data-quantity=\"1\" class=\"button product_type_simple\" data-product_id=\"8436\" data-product_sku=\"\" aria-label=\"Read more about \u201dOmbyggnad fyllningslinjer\u201d\" rel=\"nofollow\" data-success_message=\"\">Read more<span class=\"kadence-svg-iconset svg-baseline\"><svg aria-hidden=\"true\" class=\"kadence-svg-icon kadence-arrow-right-alt-svg\" fill=\"currentColor\" version=\"1.1\" xmlns=\"http:\/\/www.w3.org\/2000\/svg\" width=\"27\" height=\"28\" viewBox=\"0 0 27 28\"><title>Continue<\/title><path d=\"M27 13.953c0 0.141-0.063 0.281-0.156 0.375l-6 5.531c-0.156 0.141-0.359 0.172-0.547 0.094-0.172-0.078-0.297-0.25-0.297-0.453v-3.5h-19.5c-0.281 0-0.5-0.219-0.5-0.5v-3c0-0.281 0.219-0.5 0.5-0.5h19.5v-3.5c0-0.203 0.109-0.375 0.297-0.453s0.391-0.047 0.547 0.078l6 5.469c0.094 0.094 0.156 0.219 0.156 0.359v0z\"><\/path>\n\t\t\t\t<\/svg><\/span><span class=\"kadence-svg-iconset svg-baseline\"><svg class=\"kadence-svg-icon kadence-spinner-svg\" fill=\"currentColor\" version=\"1.1\" xmlns=\"http:\/\/www.w3.org\/2000\/svg\" width=\"16\" height=\"16\" viewBox=\"0 0 16 16\"><title>Loading<\/title><path d=\"M16 6h-6l2.243-2.243c-1.133-1.133-2.64-1.757-4.243-1.757s-3.109 0.624-4.243 1.757c-1.133 1.133-1.757 2.64-1.757 4.243s0.624 3.109 1.757 4.243c1.133 1.133 2.64 1.757 4.243 1.757s3.109-0.624 4.243-1.757c0.095-0.095 0.185-0.192 0.273-0.292l1.505 1.317c-1.466 1.674-3.62 2.732-6.020 2.732-4.418 0-8-3.582-8-8s3.582-8 8-8c2.209 0 4.209 0.896 5.656 2.344l2.343-2.344v6z\"><\/path>\n\t\t\t\t<\/svg><\/span><span class=\"kadence-svg-iconset svg-baseline\"><svg class=\"kadence-svg-icon kadence-check-svg\" fill=\"currentColor\" version=\"1.1\" xmlns=\"http:\/\/www.w3.org\/2000\/svg\" width=\"16\" height=\"16\" viewBox=\"0 0 16 16\"><title>Done<\/title><path d=\"M14 2.5l-8.5 8.5-3.5-3.5-1.5 1.5 5 5 10-10z\"><\/path>\n\t\t\t\t<\/svg><\/span><\/a>\t<span id=\"woocommerce_loop_add_to_cart_link_describedby_8436\" class=\"screen-reader-text\">\n\t\t\t<\/span>\n<\/div><\/div><\/li>\n<li class=\"entry content-bg loop-entry product type-product post-3369 status-publish last instock product_cat-ombyggnad product_cat-pressa product_cat-skruva product_cat-transmission has-post-thumbnail featured shipping-taxable product-type-simple\">\n\t<a href=\"https:\/\/www.sejfo.se\/en\/anpassning-hr-line\/\" class=\"woocommerce-loop-image-link woocommerce-LoopProduct-link woocommerce-loop-product__link product-has-hover-image\"><img loading=\"lazy\" decoding=\"async\" width=\"500\" height=\"500\" src=\"https:\/\/www.sejfo.se\/wp-content\/uploads\/2023\/07\/E22003-Assemblyline-1-500x500.jpg\" class=\"attachment-woocommerce_thumbnail size-woocommerce_thumbnail\" alt=\"Anpassning HR-Line\" srcset=\"https:\/\/www.sejfo.se\/wp-content\/uploads\/2023\/07\/E22003-Assemblyline-1-500x500.jpg 500w, https:\/\/www.sejfo.se\/wp-content\/uploads\/2023\/07\/E22003-Assemblyline-1-100x100.jpg 100w, https:\/\/www.sejfo.se\/wp-content\/uploads\/2023\/07\/E22003-Assemblyline-1-150x150.jpg 150w, https:\/\/www.sejfo.se\/wp-content\/uploads\/2023\/07\/E22003-Assemblyline-1-142x142.jpg 142w, https:\/\/www.sejfo.se\/wp-content\/uploads\/2023\/07\/E22003-Assemblyline-1-71x71.jpg 71w, https:\/\/www.sejfo.se\/wp-content\/uploads\/2023\/07\/E22003-Assemblyline-1-250x250.jpg 250w, https:\/\/www.sejfo.se\/wp-content\/uploads\/2023\/07\/E22003-Assemblyline-1-166x166.jpg 166w, https:\/\/www.sejfo.se\/wp-content\/uploads\/2023\/07\/E22003-Assemblyline-1-83x83.jpg 83w\" sizes=\"auto, (max-width: 500px) 100vw, 500px\" \/><img loading=\"lazy\" decoding=\"async\" width=\"500\" height=\"500\" src=\"https:\/\/www.sejfo.se\/wp-content\/uploads\/2023\/07\/E22003-Assemblyline-1-500x500.jpg\" class=\"secondary-product-image attachment-woocommerce_thumbnail attachment-shop-catalog wp-post-image wp-post-image--secondary\" alt=\"\" title=\"E22003 Assemblyline 1\" srcset=\"https:\/\/www.sejfo.se\/wp-content\/uploads\/2023\/07\/E22003-Assemblyline-1-500x500.jpg 500w, https:\/\/www.sejfo.se\/wp-content\/uploads\/2023\/07\/E22003-Assemblyline-1-100x100.jpg 100w, https:\/\/www.sejfo.se\/wp-content\/uploads\/2023\/07\/E22003-Assemblyline-1-150x150.jpg 150w, https:\/\/www.sejfo.se\/wp-content\/uploads\/2023\/07\/E22003-Assemblyline-1-142x142.jpg 142w, https:\/\/www.sejfo.se\/wp-content\/uploads\/2023\/07\/E22003-Assemblyline-1-71x71.jpg 71w, https:\/\/www.sejfo.se\/wp-content\/uploads\/2023\/07\/E22003-Assemblyline-1-250x250.jpg 250w, https:\/\/www.sejfo.se\/wp-content\/uploads\/2023\/07\/E22003-Assemblyline-1-166x166.jpg 166w, https:\/\/www.sejfo.se\/wp-content\/uploads\/2023\/07\/E22003-Assemblyline-1-83x83.jpg 83w\" sizes=\"auto, (max-width: 500px) 100vw, 500px\" \/><\/a><div class=\"product-details content-bg entry-content-wrap\"><h2 class=\"woocommerce-loop-product__title\"><a href=\"https:\/\/www.sejfo.se\/en\/anpassning-hr-line\/\" class=\"woocommerce-LoopProduct-link-title woocommerce-loop-product__title_ink\">Anpassning HR-Line<\/a><\/h2>\n<div class=\"product-action-wrap\"><a href=\"https:\/\/www.sejfo.se\/en\/anpassning-hr-line\/\" data-quantity=\"1\" class=\"button product_type_simple\" data-product_id=\"3369\" data-product_sku=\"\" aria-label=\"Read more about \u201dAnpassning HR-Line\u201d\" rel=\"nofollow\" data-success_message=\"\">Read more<span class=\"kadence-svg-iconset svg-baseline\"><svg aria-hidden=\"true\" class=\"kadence-svg-icon kadence-arrow-right-alt-svg\" fill=\"currentColor\" version=\"1.1\" xmlns=\"http:\/\/www.w3.org\/2000\/svg\" width=\"27\" height=\"28\" viewBox=\"0 0 27 28\"><title>Continue<\/title><path d=\"M27 13.953c0 0.141-0.063 0.281-0.156 0.375l-6 5.531c-0.156 0.141-0.359 0.172-0.547 0.094-0.172-0.078-0.297-0.25-0.297-0.453v-3.5h-19.5c-0.281 0-0.5-0.219-0.5-0.5v-3c0-0.281 0.219-0.5 0.5-0.5h19.5v-3.5c0-0.203 0.109-0.375 0.297-0.453s0.391-0.047 0.547 0.078l6 5.469c0.094 0.094 0.156 0.219 0.156 0.359v0z\"><\/path>\n\t\t\t\t<\/svg><\/span><span class=\"kadence-svg-iconset svg-baseline\"><svg class=\"kadence-svg-icon kadence-spinner-svg\" fill=\"currentColor\" version=\"1.1\" xmlns=\"http:\/\/www.w3.org\/2000\/svg\" width=\"16\" height=\"16\" viewBox=\"0 0 16 16\"><title>Loading<\/title><path d=\"M16 6h-6l2.243-2.243c-1.133-1.133-2.64-1.757-4.243-1.757s-3.109 0.624-4.243 1.757c-1.133 1.133-1.757 2.64-1.757 4.243s0.624 3.109 1.757 4.243c1.133 1.133 2.64 1.757 4.243 1.757s3.109-0.624 4.243-1.757c0.095-0.095 0.185-0.192 0.273-0.292l1.505 1.317c-1.466 1.674-3.62 2.732-6.020 2.732-4.418 0-8-3.582-8-8s3.582-8 8-8c2.209 0 4.209 0.896 5.656 2.344l2.343-2.344v6z\"><\/path>\n\t\t\t\t<\/svg><\/span><span class=\"kadence-svg-iconset svg-baseline\"><svg class=\"kadence-svg-icon kadence-check-svg\" fill=\"currentColor\" version=\"1.1\" xmlns=\"http:\/\/www.w3.org\/2000\/svg\" width=\"16\" height=\"16\" viewBox=\"0 0 16 16\"><title>Done<\/title><path d=\"M14 2.5l-8.5 8.5-3.5-3.5-1.5 1.5 5 5 10-10z\"><\/path>\n\t\t\t\t<\/svg><\/span><\/a>\t<span id=\"woocommerce_loop_add_to_cart_link_describedby_3369\" class=\"screen-reader-text\">\n\t\t\t<\/span>\n<\/div><\/div><\/li>\n<\/ul>\n<\/div>\n<\/div><\/div>\n\n<\/div><\/div><\/div><\/div>\n","protected":false},"excerpt":{"rendered":"<p>Ombyggnad &amp; modernisering Vi utf\u00f6r alla typer av ombyggnationer av er befintliga utrustning Vi kan bist\u00e5 med allt som kr\u00e4vs vid en ombyggnation, s\u00e5som konceptl\u00f6sning, konstruktion, mekanik, el, programmering, drifts\u00e4ttning, projektledning, s\u00e4kerhetsgranskning, CE-m\u00e4rkning och dokumentation. Det kan finnas stora&nbsp;f\u00f6rdelar&nbsp;med att&nbsp;modernisera&nbsp;sin gamla produktionsutrustning: Sammanfattningsvis kan modernisering av produktionsutrustning ge \u00f6kad effektivitet, l\u00e4ngre livsl\u00e4ngd och b\u00e4ttre resultat&#8230;<\/p>","protected":false},"author":5,"featured_media":0,"parent":3471,"menu_order":0,"comment_status":"closed","ping_status":"closed","template":"","meta":{"_acf_changed":false,"_kad_blocks_custom_css":"","_kad_blocks_head_custom_js":"","_kad_blocks_body_custom_js":"","_kad_blocks_footer_custom_js":"","_kad_post_transparent":"","_kad_post_title":"","_kad_post_layout":"fullwidth","_kad_post_sidebar_id":"","_kad_post_content_style":"","_kad_post_vertical_padding":"","_kad_post_feature":"","_kad_post_feature_position":"","_kad_post_header":false,"_kad_post_footer":false,"_kad_post_classname":"","footnotes":""},"class_list":["post-1954","page","type-page","status-publish","hentry"],"acf":[],"taxonomy_info":[],"featured_image_src_large":false,"author_info":{"display_name":"Mattias","author_link":"https:\/\/www.sejfo.se\/en\/author\/mlwebbyra\/"},"comment_info":0,"_links":{"self":[{"href":"https:\/\/www.sejfo.se\/en\/wp-json\/wp\/v2\/pages\/1954","targetHints":{"allow":["GET"]}}],"collection":[{"href":"https:\/\/www.sejfo.se\/en\/wp-json\/wp\/v2\/pages"}],"about":[{"href":"https:\/\/www.sejfo.se\/en\/wp-json\/wp\/v2\/types\/page"}],"author":[{"embeddable":true,"href":"https:\/\/www.sejfo.se\/en\/wp-json\/wp\/v2\/users\/5"}],"replies":[{"embeddable":true,"href":"https:\/\/www.sejfo.se\/en\/wp-json\/wp\/v2\/comments?post=1954"}],"version-history":[{"count":0,"href":"https:\/\/www.sejfo.se\/en\/wp-json\/wp\/v2\/pages\/1954\/revisions"}],"up":[{"embeddable":true,"href":"https:\/\/www.sejfo.se\/en\/wp-json\/wp\/v2\/pages\/3471"}],"wp:attachment":[{"href":"https:\/\/www.sejfo.se\/en\/wp-json\/wp\/v2\/media?parent=1954"}],"curies":[{"name":"wp","href":"https:\/\/api.w.org\/{rel}","templated":true}]}}